{"id":6131,"date":"2023-06-05T11:46:51","date_gmt":"2023-06-05T09:46:51","guid":{"rendered":"https:\/\/pintergroup.net\/il-nuovo-apr\/"},"modified":"2023-06-05T11:46:51","modified_gmt":"2023-06-05T09:46:51","slug":"il-nuovo-apr","status":"publish","type":"page","link":"https:\/\/pintergroup.net\/it\/il-nuovo-apr\/","title":{"rendered":"Il nuovo APR"},"content":{"rendered":"\t\t<div data-elementor-type=\"wp-page\" data-elementor-id=\"6131\" class=\"elementor elementor-6131 elementor-6107\" data-elementor-post-type=\"page\">\n\t\t\t\t\t\t<section class=\"elementor-section elementor-top-section elementor-element elementor-element-7d3fa143 elementor-section-stretched elementor-section-height-min-height elementor-section-boxed elementor-section-height-default elementor-section-items-middle elementor-invisible\" data-id=\"7d3fa143\" data-element_type=\"section\" data-e-type=\"section\" data-settings=\"{&quot;background_background&quot;:&quot;classic&quot;,&quot;stretch_section&quot;:&quot;section-stretched&quot;,&quot;animation&quot;:&quot;fadeIn&quot;}\">\n\t\t\t\t\t\t\t<div class=\"elementor-background-overlay\"><\/div>\n\t\t\t\t\t\t\t<div class=\"elementor-container elementor-column-gap-default\">\n\t\t\t\t\t<div class=\"elementor-column elementor-col-100 elementor-top-column elementor-element elementor-element-786ec356\" data-id=\"786ec356\" data-element_type=\"column\" data-e-type=\"column\">\n\t\t\t<div class=\"elementor-widget-wrap elementor-element-populated\">\n\t\t\t\t\t\t<div class=\"elementor-element elementor-element-7ea89fbb elementor-widget elementor-widget-heading\" data-id=\"7ea89fbb\" data-element_type=\"widget\" data-e-type=\"widget\" data-widget_type=\"heading.default\">\n\t\t\t\t<div class=\"elementor-widget-container\">\n\t\t\t\t\t<h1 class=\"elementor-heading-title elementor-size-default\">Pinter Group presenta nuovi prodotti per l'Industria 4.0.<\/h1>\t\t\t\t<\/div>\n\t\t\t\t<\/div>\n\t\t\t\t\t<\/div>\n\t\t<\/div>\n\t\t\t\t\t<\/div>\n\t\t<\/section>\n\t\t\t\t<section class=\"elementor-section elementor-top-section elementor-element elementor-element-c70cd31 elementor-section-height-min-height elementor-section-boxed elementor-section-height-default elementor-section-items-middle\" data-id=\"c70cd31\" data-element_type=\"section\" data-e-type=\"section\" data-settings=\"{&quot;background_background&quot;:&quot;classic&quot;}\">\n\t\t\t\t\t\t<div class=\"elementor-container elementor-column-gap-default\">\n\t\t\t\t\t<div class=\"elementor-column elementor-col-100 elementor-top-column elementor-element elementor-element-b67ad1c\" data-id=\"b67ad1c\" data-element_type=\"column\" data-e-type=\"column\">\n\t\t\t<div class=\"elementor-widget-wrap elementor-element-populated\">\n\t\t\t\t\t\t<div class=\"elementor-element elementor-element-0537117 elementor-widget elementor-widget-text-editor\" data-id=\"0537117\" data-element_type=\"widget\" data-e-type=\"widget\" data-widget_type=\"text-editor.default\">\n\t\t\t\t<div class=\"elementor-widget-container\">\n\t\t\t\t\t\t\t\t\t<p>Nel corso dei suoi quasi cento anni di storia Pinter Group ha introdotto sul mercato diversi prodotti innovativi che gli hanno permesso di mantenere sempre una posizione di leadership nel settore della filatura. I sistemi per la valorizzazione del filato, come i dispositivi per la lavorazione dei filati elasticizzati e la creazione di filati fiammati o con inserzioni di colori da applicare su filatoi, rappresentano solo una parte della vasta gamma di prodotti offerti da Pinter Group. L\u2019industria tessile \u00e8 in continua evoluzione e il gruppo italo-spagnolo \u00e8 da sempre il partner ideale per la crescita e l\u2019industrializzazione degli ambienti di filatura, anticipandone le esigenze e le soluzioni innovative.  <\/p>\n<p>Pinter Group \u00e8 stata tra le prime aziende al mondo a puntare sull\u2019ottimizzazione della produttivit\u00e0 dei filatoi lanciando nel corso degli anni sul mercato sistemi elettronici per la rilevazione dello stato di ogni singolo fuso, il dispositivo blocca-stoppino ed il sistema di monitoraggio EffiMill. Grazie a questi sistemi integrati, il gruppo \u00e8 diventato leader del proprio settore a livello mondiale. <\/p>\n<p>Pinter Group ha quindi accettato una nuova sfida che sfocer\u00e0 in ITMA23 con il lancio dell\u2019innovativo sistema di riallaccio automatico del filo, presentando l\u2019APR.<\/p>\n\t\t\t\t\t\t\t\t<\/div>\n\t\t\t\t<\/div>\n\t\t\t\t\t<\/div>\n\t\t<\/div>\n\t\t\t\t\t<\/div>\n\t\t<\/section>\n\t\t\t\t<section class=\"elementor-section elementor-top-section elementor-element elementor-element-4a05e2a8 elementor-section-content-middle elementor-section-boxed elementor-section-height-default elementor-section-height-default\" data-id=\"4a05e2a8\" data-element_type=\"section\" data-e-type=\"section\" data-settings=\"{&quot;background_background&quot;:&quot;classic&quot;}\">\n\t\t\t\t\t\t<div class=\"elementor-container elementor-column-gap-no\">\n\t\t\t\t\t<div class=\"elementor-column elementor-col-50 elementor-top-column elementor-element elementor-element-66639a0c\" data-id=\"66639a0c\" data-element_type=\"column\" data-e-type=\"column\">\n\t\t\t<div class=\"elementor-widget-wrap elementor-element-populated\">\n\t\t\t\t\t\t<div class=\"elementor-element elementor-element-5ef5aca4 elementor-widget elementor-widget-heading\" data-id=\"5ef5aca4\" data-element_type=\"widget\" data-e-type=\"widget\" data-widget_type=\"heading.default\">\n\t\t\t\t<div class=\"elementor-widget-container\">\n\t\t\t\t\t<h2 class=\"elementor-heading-title elementor-size-default\">Automatic Piecing Robot<\/h2>\t\t\t\t<\/div>\n\t\t\t\t<\/div>\n\t\t\t\t<div class=\"elementor-element elementor-element-2c69339d elementor-widget elementor-widget-text-editor\" data-id=\"2c69339d\" data-element_type=\"widget\" data-e-type=\"widget\" data-widget_type=\"text-editor.default\">\n\t\t\t\t<div class=\"elementor-widget-container\">\n\t\t\t\t\t\t\t\t\t<p>L&#8217;APR, acronimo di Automatic Piecing Robot, \u00e8 una macchina automatizzata dotata di un braccio robotico, compatibile con la maggior parte di modelli di filatoio.<\/p>\n<p>L&#8217;obiettivo dell&#8217;APR \u00e8 quello di migliorare l&#8217;efficienza, aumentando di conseguenza la quantit\u00e0 di filato prodotto, e riducendo la necessit\u00e0 di personale in filatura.<\/p>\n<p>La macchina, infatti, \u00e8 totalmente autonoma ed \u00e8 in grado di riparare le rotture del filato rapidamente, lavorando 24 ore su 24. Grazie ad uno speciale utensile (brevettato da Pinter Group) e al suo innovativo principio di funzionamento, l&#8217;APR \u00e8 in grado di gestire la riparazione di qualsiasi fibra e titolo di filato. <\/p>\n<p>L\u2019APR \u00e8 integrato nel sistema di monitoraggio EffiMill, e lavora in modo coordinato con i sensori OptiFil.<\/p>\n\t\t\t\t\t\t\t\t<\/div>\n\t\t\t\t<\/div>\n\t\t\t\t\t<\/div>\n\t\t<\/div>\n\t\t\t\t<div class=\"elementor-column elementor-col-50 elementor-top-column elementor-element elementor-element-2c2eb3c3\" data-id=\"2c2eb3c3\" data-element_type=\"column\" data-e-type=\"column\">\n\t\t\t<div class=\"elementor-widget-wrap elementor-element-populated\">\n\t\t\t\t\t\t<div class=\"elementor-element elementor-element-1be8af9d elementor-widget elementor-widget-image\" data-id=\"1be8af9d\" data-element_type=\"widget\" data-e-type=\"widget\" data-widget_type=\"image.default\">\n\t\t\t\t<div class=\"elementor-widget-container\">\n\t\t\t\t\t\t\t\t\t\t\t\t\t\t\t<img fetchpriority=\"high\" decoding=\"async\" data-attachment-id=\"6102\" data-permalink=\"https:\/\/pintergroup.net\/it\/notizie-ed-eventi\/immagine1-2\/\" data-orig-file=\"https:\/\/i0.wp.com\/pintergroup.net\/wp-content\/uploads\/2023\/06\/Immagine1.jpg?fit=816%2C552&amp;ssl=1\" data-orig-size=\"816,552\" data-comments-opened=\"0\" data-image-meta=\"{&quot;aperture&quot;:&quot;0&quot;,&quot;credit&quot;:&quot;&quot;,&quot;camera&quot;:&quot;&quot;,&quot;caption&quot;:&quot;&quot;,&quot;created_timestamp&quot;:&quot;0&quot;,&quot;copyright&quot;:&quot;&quot;,&quot;focal_length&quot;:&quot;0&quot;,&quot;iso&quot;:&quot;0&quot;,&quot;shutter_speed&quot;:&quot;0&quot;,&quot;title&quot;:&quot;&quot;,&quot;orientation&quot;:&quot;0&quot;}\" data-image-title=\"Immagine1\" data-image-description=\"\" data-image-caption=\"\" data-large-file=\"https:\/\/i0.wp.com\/pintergroup.net\/wp-content\/uploads\/2023\/06\/Immagine1.jpg?fit=816%2C552&amp;ssl=1\" width=\"768\" height=\"520\" src=\"https:\/\/i0.wp.com\/pintergroup.net\/wp-content\/uploads\/2023\/06\/Immagine1.jpg?fit=768%2C520&amp;ssl=1\" class=\"attachment-medium_large size-medium_large wp-image-6102\" alt=\"\" srcset=\"https:\/\/i0.wp.com\/pintergroup.net\/wp-content\/uploads\/2023\/06\/Immagine1.jpg?w=816&amp;ssl=1 816w, https:\/\/i0.wp.com\/pintergroup.net\/wp-content\/uploads\/2023\/06\/Immagine1.jpg?resize=300%2C203&amp;ssl=1 300w, https:\/\/i0.wp.com\/pintergroup.net\/wp-content\/uploads\/2023\/06\/Immagine1.jpg?resize=768%2C520&amp;ssl=1 768w\" sizes=\"(max-width: 768px) 100vw, 768px\" data-attachment-id=\"6102\" data-permalink=\"https:\/\/pintergroup.net\/it\/notizie-ed-eventi\/immagine1-2\/\" data-orig-file=\"https:\/\/i0.wp.com\/pintergroup.net\/wp-content\/uploads\/2023\/06\/Immagine1.jpg?fit=816%2C552&amp;ssl=1\" data-orig-size=\"816,552\" data-comments-opened=\"0\" data-image-meta=\"{&quot;aperture&quot;:&quot;0&quot;,&quot;credit&quot;:&quot;&quot;,&quot;camera&quot;:&quot;&quot;,&quot;caption&quot;:&quot;&quot;,&quot;created_timestamp&quot;:&quot;0&quot;,&quot;copyright&quot;:&quot;&quot;,&quot;focal_length&quot;:&quot;0&quot;,&quot;iso&quot;:&quot;0&quot;,&quot;shutter_speed&quot;:&quot;0&quot;,&quot;title&quot;:&quot;&quot;,&quot;orientation&quot;:&quot;0&quot;}\" data-image-title=\"Immagine1\" data-image-description=\"\" data-image-caption=\"\" data-large-file=\"https:\/\/i0.wp.com\/pintergroup.net\/wp-content\/uploads\/2023\/06\/Immagine1.jpg?fit=816%2C552&amp;ssl=1\" \/>\t\t\t\t\t\t\t\t\t\t\t\t\t\t\t<\/div>\n\t\t\t\t<\/div>\n\t\t\t\t\t<\/div>\n\t\t<\/div>\n\t\t\t\t\t<\/div>\n\t\t<\/section>\n\t\t\t\t<\/div>\n\t\t","protected":false},"excerpt":{"rendered":"<p>Pinter Group presenta nuovi prodotti per l&#8217;Industria 4.0. Nel corso dei suoi quasi cento anni di storia Pinter Group ha introdotto sul mercato diversi prodotti innovativi che gli hanno permesso di mantenere sempre una posizione di leadership nel settore della filatura. I sistemi per la valorizzazione del filato, come i dispositivi per la lavorazione dei [&hellip;]<\/p>\n","protected":false},"author":128965139,"featured_media":0,"parent":0,"menu_order":0,"comment_status":"closed","ping_status":"closed","template":"","meta":{"_coblocks_attr":"","_coblocks_dimensions":"","_coblocks_responsive_height":"","_coblocks_accordion_ie_support":"","_crdt_document":"","site-sidebar-layout":"no-sidebar","site-content-layout":"page-builder","ast-site-content-layout":"default","site-content-style":"default","site-sidebar-style":"default","ast-global-header-display":"","ast-banner-title-visibility":"","ast-main-header-display":"","ast-hfb-above-header-display":"","ast-hfb-below-header-display":"","ast-hfb-mobile-header-display":"","site-post-title":"disabled","ast-breadcrumbs-content":"","ast-featured-img":"disabled","footer-sml-layout":"","ast-disable-related-posts":"","theme-transparent-header-meta":"","adv-header-id-meta":"","stick-header-meta":"","header-above-stick-meta":"","header-main-stick-meta":"","header-below-stick-meta":"","astra-migrate-meta-layouts":"default","ast-page-background-enabled":"default","ast-page-background-meta":{"desktop":{"background-color":"","background-image":"","background-repeat":"repeat","background-position":"center center","background-size":"auto","background-attachment":"scroll","background-type":"","background-media":"","overlay-type":"","overlay-color":"","overlay-opacity":"","overlay-gradient":""},"tablet":{"background-color":"","background-image":"","background-repeat":"repeat","background-position":"center center","background-size":"auto","background-attachment":"scroll","background-type":"","background-media":"","overlay-type":"","overlay-color":"","overlay-opacity":"","overlay-gradient":""},"mobile":{"background-color":"","background-image":"","background-repeat":"repeat","background-position":"center center","background-size":"auto","background-attachment":"scroll","background-type":"","background-media":"","overlay-type":"","overlay-color":"","overlay-opacity":"","overlay-gradient":""}},"ast-content-background-meta":{"desktop":{"background-color":"var(--ast-global-color-5)","background-image":"","background-repeat":"repeat","background-position":"center center","background-size":"auto","background-attachment":"scroll","background-type":"","background-media":"","overlay-type":"","overlay-color":"","overlay-opacity":"","overlay-gradient":""},"tablet":{"background-color":"var(--ast-global-color-5)","background-image":"","background-repeat":"repeat","background-position":"center center","background-size":"auto","background-attachment":"scroll","background-type":"","background-media":"","overlay-type":"","overlay-color":"","overlay-opacity":"","overlay-gradient":""},"mobile":{"background-color":"var(--ast-global-color-5)","background-image":"","background-repeat":"repeat","background-position":"center center","background-size":"auto","background-attachment":"scroll","background-type":"","background-media":"","overlay-type":"","overlay-color":"","overlay-opacity":"","overlay-gradient":""}},"footnotes":""},"class_list":["post-6131","page","type-page","status-publish","hentry"],"yoast_head":"<!-- This site is optimized with the Yoast SEO plugin v27.6 - https:\/\/yoast.com\/product\/yoast-seo-wordpress\/ -->\n<title>Il nuovo APR - PINTER GROUP<\/title>\n<meta name=\"description\" content=\"Technological solutions for the textile industry\" \/>\n<meta name=\"robots\" content=\"index, follow, max-snippet:-1, max-image-preview:large, max-video-preview:-1\" \/>\n<link rel=\"canonical\" href=\"https:\/\/pintergroup.net\/it\/il-nuovo-apr\/\" \/>\n<meta property=\"og:locale\" content=\"it_IT\" \/>\n<meta property=\"og:type\" content=\"article\" \/>\n<meta property=\"og:title\" content=\"Il nuovo APR - PINTER GROUP\" \/>\n<meta property=\"og:description\" content=\"Technological solutions for the textile industry\" \/>\n<meta property=\"og:url\" content=\"https:\/\/pintergroup.net\/it\/il-nuovo-apr\/\" \/>\n<meta property=\"og:site_name\" content=\"PINTER GROUP\" \/>\n<meta property=\"og:image\" content=\"https:\/\/i0.wp.com\/pintergroup.net\/wp-content\/uploads\/2023\/06\/Immagine1.jpg?fit=768%2C520&amp;ssl=1\" \/>\n<meta name=\"twitter:card\" content=\"summary_large_image\" \/>\n<meta name=\"twitter:label1\" content=\"Tempo di lettura stimato\" \/>\n\t<meta name=\"twitter:data1\" content=\"2 minuti\" \/>\n<script type=\"application\/ld+json\" class=\"yoast-schema-graph\">{\"@context\":\"https:\\\/\\\/schema.org\",\"@graph\":[{\"@type\":\"WebPage\",\"@id\":\"https:\\\/\\\/pintergroup.net\\\/it\\\/il-nuovo-apr\\\/\",\"url\":\"https:\\\/\\\/pintergroup.net\\\/it\\\/il-nuovo-apr\\\/\",\"name\":\"Il nuovo APR - PINTER GROUP\",\"isPartOf\":{\"@id\":\"https:\\\/\\\/pintergroup.net\\\/#website\"},\"primaryImageOfPage\":{\"@id\":\"https:\\\/\\\/pintergroup.net\\\/it\\\/il-nuovo-apr\\\/#primaryimage\"},\"image\":{\"@id\":\"https:\\\/\\\/pintergroup.net\\\/it\\\/il-nuovo-apr\\\/#primaryimage\"},\"thumbnailUrl\":\"https:\\\/\\\/i0.wp.com\\\/pintergroup.net\\\/wp-content\\\/uploads\\\/2023\\\/06\\\/Immagine1.jpg?fit=768%2C520&amp;ssl=1\",\"datePublished\":\"2023-06-05T09:46:51+00:00\",\"description\":\"Technological solutions for the textile industry\",\"breadcrumb\":{\"@id\":\"https:\\\/\\\/pintergroup.net\\\/it\\\/il-nuovo-apr\\\/#breadcrumb\"},\"inLanguage\":\"it-IT\",\"potentialAction\":[{\"@type\":\"ReadAction\",\"target\":[\"https:\\\/\\\/pintergroup.net\\\/it\\\/il-nuovo-apr\\\/\"]}]},{\"@type\":\"ImageObject\",\"inLanguage\":\"it-IT\",\"@id\":\"https:\\\/\\\/pintergroup.net\\\/it\\\/il-nuovo-apr\\\/#primaryimage\",\"url\":\"https:\\\/\\\/i0.wp.com\\\/pintergroup.net\\\/wp-content\\\/uploads\\\/2023\\\/06\\\/Immagine1.jpg?fit=768%2C520&amp;ssl=1\",\"contentUrl\":\"https:\\\/\\\/i0.wp.com\\\/pintergroup.net\\\/wp-content\\\/uploads\\\/2023\\\/06\\\/Immagine1.jpg?fit=768%2C520&amp;ssl=1\"},{\"@type\":\"BreadcrumbList\",\"@id\":\"https:\\\/\\\/pintergroup.net\\\/it\\\/il-nuovo-apr\\\/#breadcrumb\",\"itemListElement\":[{\"@type\":\"ListItem\",\"position\":1,\"name\":\"Home\",\"item\":\"https:\\\/\\\/pintergroup.net\\\/it\\\/\"},{\"@type\":\"ListItem\",\"position\":2,\"name\":\"Il nuovo APR\"}]},{\"@type\":\"WebSite\",\"@id\":\"https:\\\/\\\/pintergroup.net\\\/#website\",\"url\":\"https:\\\/\\\/pintergroup.net\\\/\",\"name\":\"PINTER GROUP\",\"description\":\"TECHNOLOGICAL SOLUTIONS FOR THE TEXTILE INDUSTRY\",\"publisher\":{\"@id\":\"https:\\\/\\\/pintergroup.net\\\/#organization\"},\"potentialAction\":[{\"@type\":\"SearchAction\",\"target\":{\"@type\":\"EntryPoint\",\"urlTemplate\":\"https:\\\/\\\/pintergroup.net\\\/?s={search_term_string}\"},\"query-input\":{\"@type\":\"PropertyValueSpecification\",\"valueRequired\":true,\"valueName\":\"search_term_string\"}}],\"inLanguage\":\"it-IT\"},{\"@type\":\"Organization\",\"@id\":\"https:\\\/\\\/pintergroup.net\\\/#organization\",\"name\":\"PINTER GROUP\",\"url\":\"https:\\\/\\\/pintergroup.net\\\/\",\"logo\":{\"@type\":\"ImageObject\",\"inLanguage\":\"it-IT\",\"@id\":\"https:\\\/\\\/pintergroup.net\\\/#\\\/schema\\\/logo\\\/image\\\/\",\"url\":\"https:\\\/\\\/i0.wp.com\\\/pintergroup.net\\\/wp-content\\\/uploads\\\/2021\\\/09\\\/cropped-logo-pintergroup-purple-h-e1631709521961.png?fit=967%2C327&ssl=1\",\"contentUrl\":\"https:\\\/\\\/i0.wp.com\\\/pintergroup.net\\\/wp-content\\\/uploads\\\/2021\\\/09\\\/cropped-logo-pintergroup-purple-h-e1631709521961.png?fit=967%2C327&ssl=1\",\"width\":967,\"height\":327,\"caption\":\"PINTER GROUP\"},\"image\":{\"@id\":\"https:\\\/\\\/pintergroup.net\\\/#\\\/schema\\\/logo\\\/image\\\/\"}}]}<\/script>\n<!-- \/ Yoast SEO plugin. -->","yoast_head_json":{"title":"Il nuovo APR - PINTER GROUP","description":"Technological solutions for the textile industry","robots":{"index":"index","follow":"follow","max-snippet":"max-snippet:-1","max-image-preview":"max-image-preview:large","max-video-preview":"max-video-preview:-1"},"canonical":"https:\/\/pintergroup.net\/it\/il-nuovo-apr\/","og_locale":"it_IT","og_type":"article","og_title":"Il nuovo APR - PINTER GROUP","og_description":"Technological solutions for the textile industry","og_url":"https:\/\/pintergroup.net\/it\/il-nuovo-apr\/","og_site_name":"PINTER GROUP","og_image":[{"url":"https:\/\/i0.wp.com\/pintergroup.net\/wp-content\/uploads\/2023\/06\/Immagine1.jpg?fit=768%2C520&amp;ssl=1","type":"","width":"","height":""}],"twitter_card":"summary_large_image","twitter_misc":{"Tempo di lettura stimato":"2 minuti"},"schema":{"@context":"https:\/\/schema.org","@graph":[{"@type":"WebPage","@id":"https:\/\/pintergroup.net\/it\/il-nuovo-apr\/","url":"https:\/\/pintergroup.net\/it\/il-nuovo-apr\/","name":"Il nuovo APR - PINTER GROUP","isPartOf":{"@id":"https:\/\/pintergroup.net\/#website"},"primaryImageOfPage":{"@id":"https:\/\/pintergroup.net\/it\/il-nuovo-apr\/#primaryimage"},"image":{"@id":"https:\/\/pintergroup.net\/it\/il-nuovo-apr\/#primaryimage"},"thumbnailUrl":"https:\/\/i0.wp.com\/pintergroup.net\/wp-content\/uploads\/2023\/06\/Immagine1.jpg?fit=768%2C520&amp;ssl=1","datePublished":"2023-06-05T09:46:51+00:00","description":"Technological solutions for the textile industry","breadcrumb":{"@id":"https:\/\/pintergroup.net\/it\/il-nuovo-apr\/#breadcrumb"},"inLanguage":"it-IT","potentialAction":[{"@type":"ReadAction","target":["https:\/\/pintergroup.net\/it\/il-nuovo-apr\/"]}]},{"@type":"ImageObject","inLanguage":"it-IT","@id":"https:\/\/pintergroup.net\/it\/il-nuovo-apr\/#primaryimage","url":"https:\/\/i0.wp.com\/pintergroup.net\/wp-content\/uploads\/2023\/06\/Immagine1.jpg?fit=768%2C520&amp;ssl=1","contentUrl":"https:\/\/i0.wp.com\/pintergroup.net\/wp-content\/uploads\/2023\/06\/Immagine1.jpg?fit=768%2C520&amp;ssl=1"},{"@type":"BreadcrumbList","@id":"https:\/\/pintergroup.net\/it\/il-nuovo-apr\/#breadcrumb","itemListElement":[{"@type":"ListItem","position":1,"name":"Home","item":"https:\/\/pintergroup.net\/it\/"},{"@type":"ListItem","position":2,"name":"Il nuovo APR"}]},{"@type":"WebSite","@id":"https:\/\/pintergroup.net\/#website","url":"https:\/\/pintergroup.net\/","name":"PINTER GROUP","description":"TECHNOLOGICAL SOLUTIONS FOR THE TEXTILE INDUSTRY","publisher":{"@id":"https:\/\/pintergroup.net\/#organization"},"potentialAction":[{"@type":"SearchAction","target":{"@type":"EntryPoint","urlTemplate":"https:\/\/pintergroup.net\/?s={search_term_string}"},"query-input":{"@type":"PropertyValueSpecification","valueRequired":true,"valueName":"search_term_string"}}],"inLanguage":"it-IT"},{"@type":"Organization","@id":"https:\/\/pintergroup.net\/#organization","name":"PINTER GROUP","url":"https:\/\/pintergroup.net\/","logo":{"@type":"ImageObject","inLanguage":"it-IT","@id":"https:\/\/pintergroup.net\/#\/schema\/logo\/image\/","url":"https:\/\/i0.wp.com\/pintergroup.net\/wp-content\/uploads\/2021\/09\/cropped-logo-pintergroup-purple-h-e1631709521961.png?fit=967%2C327&ssl=1","contentUrl":"https:\/\/i0.wp.com\/pintergroup.net\/wp-content\/uploads\/2021\/09\/cropped-logo-pintergroup-purple-h-e1631709521961.png?fit=967%2C327&ssl=1","width":967,"height":327,"caption":"PINTER GROUP"},"image":{"@id":"https:\/\/pintergroup.net\/#\/schema\/logo\/image\/"}}]}},"jetpack_sharing_enabled":true,"jetpack_likes_enabled":false,"jetpack_shortlink":"https:\/\/wp.me\/Pd0q0D-1AT","amp_enabled":true,"_links":{"self":[{"href":"https:\/\/pintergroup.net\/it\/wp-json\/wp\/v2\/pages\/6131","targetHints":{"allow":["GET"]}}],"collection":[{"href":"https:\/\/pintergroup.net\/it\/wp-json\/wp\/v2\/pages"}],"about":[{"href":"https:\/\/pintergroup.net\/it\/wp-json\/wp\/v2\/types\/page"}],"author":[{"embeddable":true,"href":"https:\/\/pintergroup.net\/it\/wp-json\/wp\/v2\/users\/128965139"}],"replies":[{"embeddable":true,"href":"https:\/\/pintergroup.net\/it\/wp-json\/wp\/v2\/comments?post=6131"}],"version-history":[{"count":1,"href":"https:\/\/pintergroup.net\/it\/wp-json\/wp\/v2\/pages\/6131\/revisions"}],"predecessor-version":[{"id":6132,"href":"https:\/\/pintergroup.net\/it\/wp-json\/wp\/v2\/pages\/6131\/revisions\/6132"}],"wp:attachment":[{"href":"https:\/\/pintergroup.net\/it\/wp-json\/wp\/v2\/media?parent=6131"}],"curies":[{"name":"wp","href":"https:\/\/api.w.org\/{rel}","templated":true}]}}