{"id":6134,"date":"2023-06-05T11:53:36","date_gmt":"2023-06-05T09:53:36","guid":{"rendered":"https:\/\/pintergroup.net\/nuevo-apr\/"},"modified":"2023-06-05T11:53:36","modified_gmt":"2023-06-05T09:53:36","slug":"nuevo-apr","status":"publish","type":"page","link":"https:\/\/pintergroup.net\/es\/nuevo-apr\/","title":{"rendered":"Nuevo APR"},"content":{"rendered":"\t\t<div data-elementor-type=\"wp-page\" data-elementor-id=\"6134\" class=\"elementor elementor-6134 elementor-6107\" data-elementor-post-type=\"page\">\n\t\t\t\t\t\t<section class=\"elementor-section elementor-top-section elementor-element elementor-element-7d3fa143 elementor-section-stretched elementor-section-height-min-height elementor-section-boxed elementor-section-height-default elementor-section-items-middle elementor-invisible\" data-id=\"7d3fa143\" data-element_type=\"section\" data-e-type=\"section\" data-settings=\"{&quot;background_background&quot;:&quot;classic&quot;,&quot;stretch_section&quot;:&quot;section-stretched&quot;,&quot;animation&quot;:&quot;fadeIn&quot;}\">\n\t\t\t\t\t\t\t<div class=\"elementor-background-overlay\"><\/div>\n\t\t\t\t\t\t\t<div class=\"elementor-container elementor-column-gap-default\">\n\t\t\t\t\t<div class=\"elementor-column elementor-col-100 elementor-top-column elementor-element elementor-element-786ec356\" data-id=\"786ec356\" data-element_type=\"column\" data-e-type=\"column\">\n\t\t\t<div class=\"elementor-widget-wrap elementor-element-populated\">\n\t\t\t\t\t\t<div class=\"elementor-element elementor-element-7ea89fbb elementor-widget elementor-widget-heading\" data-id=\"7ea89fbb\" data-element_type=\"widget\" data-e-type=\"widget\" data-widget_type=\"heading.default\">\n\t\t\t\t<div class=\"elementor-widget-container\">\n\t\t\t\t\t<h1 class=\"elementor-heading-title elementor-size-default\">ITMA2023: Pinter Group lanza el APR<\/h1>\t\t\t\t<\/div>\n\t\t\t\t<\/div>\n\t\t\t\t\t<\/div>\n\t\t<\/div>\n\t\t\t\t\t<\/div>\n\t\t<\/section>\n\t\t\t\t<section class=\"elementor-section elementor-top-section elementor-element elementor-element-c70cd31 elementor-section-height-min-height elementor-section-boxed elementor-section-height-default elementor-section-items-middle\" data-id=\"c70cd31\" data-element_type=\"section\" data-e-type=\"section\" data-settings=\"{&quot;background_background&quot;:&quot;classic&quot;}\">\n\t\t\t\t\t\t<div class=\"elementor-container elementor-column-gap-default\">\n\t\t\t\t\t<div class=\"elementor-column elementor-col-100 elementor-top-column elementor-element elementor-element-b67ad1c\" data-id=\"b67ad1c\" data-element_type=\"column\" data-e-type=\"column\">\n\t\t\t<div class=\"elementor-widget-wrap elementor-element-populated\">\n\t\t\t\t\t\t<div class=\"elementor-element elementor-element-0537117 elementor-widget elementor-widget-text-editor\" data-id=\"0537117\" data-element_type=\"widget\" data-e-type=\"widget\" data-widget_type=\"text-editor.default\">\n\t\t\t\t<div class=\"elementor-widget-container\">\n\t\t\t\t\t\t\t\t\t<p>A lo largo de sus casi cien a\u00f1os de historia, el Grupo Pinter ha introducido en el mercado varios productos innovadores que le han permitido estar siempre en la cresta de la ola y convertirse en uno de los l\u00edderes m\u00e1s apreciados del sector de la hilatura. Acesorios para a\u00f1adir valor al hilo, como los equipos para procesar el elastano en la continua de anillos, o los equipos para crear hilos flameados e inyectados, representan s\u00f3lo una parte de la gran gama de productos que ofrece el Grupo Pinter. La Industria Textil est\u00e1 en constante evoluci\u00f3n y el grupo italo-espa\u00f1ol siempre ha sido el socio ideal para el crecimiento y la industrializaci\u00f3n de los entornos de hilatura, anticip\u00e1ndose a sus necesidades y ofreciendo soluciones innovadoras.<\/p>\n<p>Pinter Group fue una de las primeras empresas del mundo en centrarse en la optimizaci\u00f3n de la productividad de las m\u00e1quinas de hilar, lanzando a lo largo de los a\u00f1os sistemas electr\u00f3nicos para detectar el estado de cada huso individual, y los frenos de mecha \u00abRoving Stop\u00bb, ambos incluidos en el sistema de monitorizaci\u00f3n EffiMill. Gracias a estos sistemas integrados, el grupo se ha convertido en l\u00edder mundial de su sector.<\/p>\n<p>Por ello, Pinter Group ha aceptado un nuevo reto que llevar\u00e1 a la ITMA23 con la introducci\u00f3n y el lanzamiento del innovador sistema de empalme autom\u00e1tico de los hilos rotos en la continua de anillos (APR).<\/p>\n\t\t\t\t\t\t\t\t<\/div>\n\t\t\t\t<\/div>\n\t\t\t\t\t<\/div>\n\t\t<\/div>\n\t\t\t\t\t<\/div>\n\t\t<\/section>\n\t\t\t\t<section class=\"elementor-section elementor-top-section elementor-element elementor-element-4a05e2a8 elementor-section-content-middle elementor-section-boxed elementor-section-height-default elementor-section-height-default\" data-id=\"4a05e2a8\" data-element_type=\"section\" data-e-type=\"section\" data-settings=\"{&quot;background_background&quot;:&quot;classic&quot;}\">\n\t\t\t\t\t\t<div class=\"elementor-container elementor-column-gap-no\">\n\t\t\t\t\t<div class=\"elementor-column elementor-col-50 elementor-top-column elementor-element elementor-element-66639a0c\" data-id=\"66639a0c\" data-element_type=\"column\" data-e-type=\"column\">\n\t\t\t<div class=\"elementor-widget-wrap elementor-element-populated\">\n\t\t\t\t\t\t<div class=\"elementor-element elementor-element-5ef5aca4 elementor-widget elementor-widget-heading\" data-id=\"5ef5aca4\" data-element_type=\"widget\" data-e-type=\"widget\" data-widget_type=\"heading.default\">\n\t\t\t\t<div class=\"elementor-widget-container\">\n\t\t\t\t\t<h2 class=\"elementor-heading-title elementor-size-default\">Automatic Piecing Robot<\/h2>\t\t\t\t<\/div>\n\t\t\t\t<\/div>\n\t\t\t\t<div class=\"elementor-element elementor-element-2c69339d elementor-widget elementor-widget-text-editor\" data-id=\"2c69339d\" data-element_type=\"widget\" data-e-type=\"widget\" data-widget_type=\"text-editor.default\">\n\t\t\t\t<div class=\"elementor-widget-container\">\n\t\t\t\t\t\t\t\t\t<p>El APR, acr\u00f3nimo de Automatic Piecing Robot, es una m\u00e1quina automatizada equipada con un brazo rob\u00f3tico, compatible con la mayor\u00eda de modelos de continuas de anillo,<\/p>\n<p>El objetivo de la APR es mejorar la eficacia, aumentando en consecuencia la cantidad de hilo producido y reduciendo la necesidad de mano de obra en la f\u00e1brica.<\/p>\n<p>De hecho, la m\u00e1quina es totalmente independiente y capaz de reparar r\u00e1pidamente las roturas de hilo, trabajando las 24 horas del d\u00eda. Gracias a una herramienta especial (patentada por el Grupo Pinter) y a su innovador m\u00e9todo de trabajo, el APR puede realizar el empalme de cualquier fibra y t\u00edtulo de hilo.<\/p>\n<p>APR est\u00e1 integrado en el sistema de supervisi\u00f3n EffiMill, combinado con los sensores OptiFil.<\/p>\n\t\t\t\t\t\t\t\t<\/div>\n\t\t\t\t<\/div>\n\t\t\t\t\t<\/div>\n\t\t<\/div>\n\t\t\t\t<div class=\"elementor-column elementor-col-50 elementor-top-column elementor-element elementor-element-2c2eb3c3\" data-id=\"2c2eb3c3\" data-element_type=\"column\" data-e-type=\"column\">\n\t\t\t<div class=\"elementor-widget-wrap elementor-element-populated\">\n\t\t\t\t\t\t<div class=\"elementor-element elementor-element-1be8af9d elementor-widget elementor-widget-image\" data-id=\"1be8af9d\" data-element_type=\"widget\" data-e-type=\"widget\" data-widget_type=\"image.default\">\n\t\t\t\t<div class=\"elementor-widget-container\">\n\t\t\t\t\t\t\t\t\t\t\t\t\t\t\t<img fetchpriority=\"high\" decoding=\"async\" data-attachment-id=\"6103\" data-permalink=\"https:\/\/pintergroup.net\/es\/noticias-y-eventos\/immagine1-2\/\" data-orig-file=\"https:\/\/i0.wp.com\/pintergroup.net\/wp-content\/uploads\/2023\/06\/Immagine1.jpg?fit=816%2C552&amp;ssl=1\" data-orig-size=\"816,552\" data-comments-opened=\"0\" data-image-meta=\"{&quot;aperture&quot;:&quot;0&quot;,&quot;credit&quot;:&quot;&quot;,&quot;camera&quot;:&quot;&quot;,&quot;caption&quot;:&quot;&quot;,&quot;created_timestamp&quot;:&quot;0&quot;,&quot;copyright&quot;:&quot;&quot;,&quot;focal_length&quot;:&quot;0&quot;,&quot;iso&quot;:&quot;0&quot;,&quot;shutter_speed&quot;:&quot;0&quot;,&quot;title&quot;:&quot;&quot;,&quot;orientation&quot;:&quot;0&quot;}\" data-image-title=\"Immagine1\" data-image-description=\"\" data-image-caption=\"\" data-large-file=\"https:\/\/i0.wp.com\/pintergroup.net\/wp-content\/uploads\/2023\/06\/Immagine1.jpg?fit=816%2C552&amp;ssl=1\" width=\"768\" height=\"520\" src=\"https:\/\/i0.wp.com\/pintergroup.net\/wp-content\/uploads\/2023\/06\/Immagine1.jpg?fit=768%2C520&amp;ssl=1\" class=\"attachment-medium_large size-medium_large wp-image-6103\" alt=\"\" srcset=\"https:\/\/i0.wp.com\/pintergroup.net\/wp-content\/uploads\/2023\/06\/Immagine1.jpg?w=816&amp;ssl=1 816w, https:\/\/i0.wp.com\/pintergroup.net\/wp-content\/uploads\/2023\/06\/Immagine1.jpg?resize=300%2C203&amp;ssl=1 300w, https:\/\/i0.wp.com\/pintergroup.net\/wp-content\/uploads\/2023\/06\/Immagine1.jpg?resize=768%2C520&amp;ssl=1 768w\" sizes=\"(max-width: 768px) 100vw, 768px\" data-attachment-id=\"6103\" data-permalink=\"https:\/\/pintergroup.net\/es\/noticias-y-eventos\/immagine1-2\/\" data-orig-file=\"https:\/\/i0.wp.com\/pintergroup.net\/wp-content\/uploads\/2023\/06\/Immagine1.jpg?fit=816%2C552&amp;ssl=1\" data-orig-size=\"816,552\" data-comments-opened=\"0\" data-image-meta=\"{&quot;aperture&quot;:&quot;0&quot;,&quot;credit&quot;:&quot;&quot;,&quot;camera&quot;:&quot;&quot;,&quot;caption&quot;:&quot;&quot;,&quot;created_timestamp&quot;:&quot;0&quot;,&quot;copyright&quot;:&quot;&quot;,&quot;focal_length&quot;:&quot;0&quot;,&quot;iso&quot;:&quot;0&quot;,&quot;shutter_speed&quot;:&quot;0&quot;,&quot;title&quot;:&quot;&quot;,&quot;orientation&quot;:&quot;0&quot;}\" data-image-title=\"Immagine1\" data-image-description=\"\" data-image-caption=\"\" data-large-file=\"https:\/\/i0.wp.com\/pintergroup.net\/wp-content\/uploads\/2023\/06\/Immagine1.jpg?fit=816%2C552&amp;ssl=1\" \/>\t\t\t\t\t\t\t\t\t\t\t\t\t\t\t<\/div>\n\t\t\t\t<\/div>\n\t\t\t\t\t<\/div>\n\t\t<\/div>\n\t\t\t\t\t<\/div>\n\t\t<\/section>\n\t\t\t\t<\/div>\n\t\t","protected":false},"excerpt":{"rendered":"<p>ITMA2023: Pinter Group lanza el APR A lo largo de sus casi cien a\u00f1os de historia, el Grupo Pinter ha introducido en el mercado varios productos innovadores que le han permitido estar siempre en la cresta de la ola y convertirse en uno de los l\u00edderes m\u00e1s apreciados del sector de la hilatura. Acesorios para [&hellip;]<\/p>\n","protected":false},"author":128965139,"featured_media":0,"parent":0,"menu_order":0,"comment_status":"closed","ping_status":"closed","template":"","meta":{"_coblocks_attr":"","_coblocks_dimensions":"","_coblocks_responsive_height":"","_coblocks_accordion_ie_support":"","_crdt_document":"","site-sidebar-layout":"no-sidebar","site-content-layout":"page-builder","ast-site-content-layout":"default","site-content-style":"default","site-sidebar-style":"default","ast-global-header-display":"","ast-banner-title-visibility":"","ast-main-header-display":"","ast-hfb-above-header-display":"","ast-hfb-below-header-display":"","ast-hfb-mobile-header-display":"","site-post-title":"disabled","ast-breadcrumbs-content":"","ast-featured-img":"disabled","footer-sml-layout":"","ast-disable-related-posts":"","theme-transparent-header-meta":"","adv-header-id-meta":"","stick-header-meta":"","header-above-stick-meta":"","header-main-stick-meta":"","header-below-stick-meta":"","astra-migrate-meta-layouts":"default","ast-page-background-enabled":"default","ast-page-background-meta":{"desktop":{"background-color":"","background-image":"","background-repeat":"repeat","background-position":"center center","background-size":"auto","background-attachment":"scroll","background-type":"","background-media":"","overlay-type":"","overlay-color":"","overlay-opacity":"","overlay-gradient":""},"tablet":{"background-color":"","background-image":"","background-repeat":"repeat","background-position":"center center","background-size":"auto","background-attachment":"scroll","background-type":"","background-media":"","overlay-type":"","overlay-color":"","overlay-opacity":"","overlay-gradient":""},"mobile":{"background-color":"","background-image":"","background-repeat":"repeat","background-position":"center center","background-size":"auto","background-attachment":"scroll","background-type":"","background-media":"","overlay-type":"","overlay-color":"","overlay-opacity":"","overlay-gradient":""}},"ast-content-background-meta":{"desktop":{"background-color":"var(--ast-global-color-5)","background-image":"","background-repeat":"repeat","background-position":"center center","background-size":"auto","background-attachment":"scroll","background-type":"","background-media":"","overlay-type":"","overlay-color":"","overlay-opacity":"","overlay-gradient":""},"tablet":{"background-color":"var(--ast-global-color-5)","background-image":"","background-repeat":"repeat","background-position":"center center","background-size":"auto","background-attachment":"scroll","background-type":"","background-media":"","overlay-type":"","overlay-color":"","overlay-opacity":"","overlay-gradient":""},"mobile":{"background-color":"var(--ast-global-color-5)","background-image":"","background-repeat":"repeat","background-position":"center center","background-size":"auto","background-attachment":"scroll","background-type":"","background-media":"","overlay-type":"","overlay-color":"","overlay-opacity":"","overlay-gradient":""}},"footnotes":""},"class_list":["post-6134","page","type-page","status-publish","hentry"],"yoast_head":"<!-- This site is optimized with the Yoast SEO plugin v27.4 - https:\/\/yoast.com\/product\/yoast-seo-wordpress\/ -->\n<title>Nuevo APR - PINTER GROUP<\/title>\n<meta name=\"description\" content=\"Technological solutions for the textile industry\" \/>\n<meta name=\"robots\" content=\"index, follow, max-snippet:-1, max-image-preview:large, max-video-preview:-1\" \/>\n<link rel=\"canonical\" href=\"https:\/\/pintergroup.net\/es\/nuevo-apr\/\" \/>\n<meta property=\"og:locale\" content=\"es_ES\" \/>\n<meta property=\"og:type\" content=\"article\" \/>\n<meta property=\"og:title\" content=\"Nuevo APR - PINTER GROUP\" \/>\n<meta property=\"og:description\" content=\"Technological solutions for the textile industry\" \/>\n<meta property=\"og:url\" content=\"https:\/\/pintergroup.net\/es\/nuevo-apr\/\" \/>\n<meta property=\"og:site_name\" content=\"PINTER GROUP\" \/>\n<meta property=\"og:image\" content=\"https:\/\/i0.wp.com\/pintergroup.net\/wp-content\/uploads\/2023\/06\/Immagine1.jpg?fit=768%2C520&amp;ssl=1\" \/>\n<meta name=\"twitter:card\" content=\"summary_large_image\" \/>\n<meta name=\"twitter:label1\" content=\"Tiempo de lectura\" \/>\n\t<meta name=\"twitter:data1\" content=\"2 minutos\" \/>\n<script type=\"application\/ld+json\" class=\"yoast-schema-graph\">{\"@context\":\"https:\\\/\\\/schema.org\",\"@graph\":[{\"@type\":\"WebPage\",\"@id\":\"https:\\\/\\\/pintergroup.net\\\/es\\\/nuevo-apr\\\/\",\"url\":\"https:\\\/\\\/pintergroup.net\\\/es\\\/nuevo-apr\\\/\",\"name\":\"Nuevo APR - PINTER GROUP\",\"isPartOf\":{\"@id\":\"https:\\\/\\\/pintergroup.net\\\/#website\"},\"primaryImageOfPage\":{\"@id\":\"https:\\\/\\\/pintergroup.net\\\/es\\\/nuevo-apr\\\/#primaryimage\"},\"image\":{\"@id\":\"https:\\\/\\\/pintergroup.net\\\/es\\\/nuevo-apr\\\/#primaryimage\"},\"thumbnailUrl\":\"https:\\\/\\\/i0.wp.com\\\/pintergroup.net\\\/wp-content\\\/uploads\\\/2023\\\/06\\\/Immagine1.jpg?fit=768%2C520&amp;ssl=1\",\"datePublished\":\"2023-06-05T09:53:36+00:00\",\"description\":\"Technological solutions for the textile industry\",\"breadcrumb\":{\"@id\":\"https:\\\/\\\/pintergroup.net\\\/es\\\/nuevo-apr\\\/#breadcrumb\"},\"inLanguage\":\"es\",\"potentialAction\":[{\"@type\":\"ReadAction\",\"target\":[\"https:\\\/\\\/pintergroup.net\\\/es\\\/nuevo-apr\\\/\"]}]},{\"@type\":\"ImageObject\",\"inLanguage\":\"es\",\"@id\":\"https:\\\/\\\/pintergroup.net\\\/es\\\/nuevo-apr\\\/#primaryimage\",\"url\":\"https:\\\/\\\/i0.wp.com\\\/pintergroup.net\\\/wp-content\\\/uploads\\\/2023\\\/06\\\/Immagine1.jpg?fit=768%2C520&amp;ssl=1\",\"contentUrl\":\"https:\\\/\\\/i0.wp.com\\\/pintergroup.net\\\/wp-content\\\/uploads\\\/2023\\\/06\\\/Immagine1.jpg?fit=768%2C520&amp;ssl=1\"},{\"@type\":\"BreadcrumbList\",\"@id\":\"https:\\\/\\\/pintergroup.net\\\/es\\\/nuevo-apr\\\/#breadcrumb\",\"itemListElement\":[{\"@type\":\"ListItem\",\"position\":1,\"name\":\"Home\",\"item\":\"https:\\\/\\\/pintergroup.net\\\/es\\\/home\\\/\"},{\"@type\":\"ListItem\",\"position\":2,\"name\":\"Nuevo APR\"}]},{\"@type\":\"WebSite\",\"@id\":\"https:\\\/\\\/pintergroup.net\\\/#website\",\"url\":\"https:\\\/\\\/pintergroup.net\\\/\",\"name\":\"PINTER GROUP\",\"description\":\"TECHNOLOGICAL SOLUTIONS FOR THE TEXTILE INDUSTRY\",\"publisher\":{\"@id\":\"https:\\\/\\\/pintergroup.net\\\/#organization\"},\"potentialAction\":[{\"@type\":\"SearchAction\",\"target\":{\"@type\":\"EntryPoint\",\"urlTemplate\":\"https:\\\/\\\/pintergroup.net\\\/?s={search_term_string}\"},\"query-input\":{\"@type\":\"PropertyValueSpecification\",\"valueRequired\":true,\"valueName\":\"search_term_string\"}}],\"inLanguage\":\"es\"},{\"@type\":\"Organization\",\"@id\":\"https:\\\/\\\/pintergroup.net\\\/#organization\",\"name\":\"PINTER GROUP\",\"url\":\"https:\\\/\\\/pintergroup.net\\\/\",\"logo\":{\"@type\":\"ImageObject\",\"inLanguage\":\"es\",\"@id\":\"https:\\\/\\\/pintergroup.net\\\/#\\\/schema\\\/logo\\\/image\\\/\",\"url\":\"https:\\\/\\\/i0.wp.com\\\/pintergroup.net\\\/wp-content\\\/uploads\\\/2021\\\/09\\\/cropped-logo-pintergroup-purple-h-e1631709521961.png?fit=967%2C327&ssl=1\",\"contentUrl\":\"https:\\\/\\\/i0.wp.com\\\/pintergroup.net\\\/wp-content\\\/uploads\\\/2021\\\/09\\\/cropped-logo-pintergroup-purple-h-e1631709521961.png?fit=967%2C327&ssl=1\",\"width\":967,\"height\":327,\"caption\":\"PINTER GROUP\"},\"image\":{\"@id\":\"https:\\\/\\\/pintergroup.net\\\/#\\\/schema\\\/logo\\\/image\\\/\"}}]}<\/script>\n<!-- \/ Yoast SEO plugin. -->","yoast_head_json":{"title":"Nuevo APR - PINTER GROUP","description":"Technological solutions for the textile industry","robots":{"index":"index","follow":"follow","max-snippet":"max-snippet:-1","max-image-preview":"max-image-preview:large","max-video-preview":"max-video-preview:-1"},"canonical":"https:\/\/pintergroup.net\/es\/nuevo-apr\/","og_locale":"es_ES","og_type":"article","og_title":"Nuevo APR - PINTER GROUP","og_description":"Technological solutions for the textile industry","og_url":"https:\/\/pintergroup.net\/es\/nuevo-apr\/","og_site_name":"PINTER GROUP","og_image":[{"url":"https:\/\/i0.wp.com\/pintergroup.net\/wp-content\/uploads\/2023\/06\/Immagine1.jpg?fit=768%2C520&amp;ssl=1","type":"","width":"","height":""}],"twitter_card":"summary_large_image","twitter_misc":{"Tiempo de lectura":"2 minutos"},"schema":{"@context":"https:\/\/schema.org","@graph":[{"@type":"WebPage","@id":"https:\/\/pintergroup.net\/es\/nuevo-apr\/","url":"https:\/\/pintergroup.net\/es\/nuevo-apr\/","name":"Nuevo APR - PINTER GROUP","isPartOf":{"@id":"https:\/\/pintergroup.net\/#website"},"primaryImageOfPage":{"@id":"https:\/\/pintergroup.net\/es\/nuevo-apr\/#primaryimage"},"image":{"@id":"https:\/\/pintergroup.net\/es\/nuevo-apr\/#primaryimage"},"thumbnailUrl":"https:\/\/i0.wp.com\/pintergroup.net\/wp-content\/uploads\/2023\/06\/Immagine1.jpg?fit=768%2C520&amp;ssl=1","datePublished":"2023-06-05T09:53:36+00:00","description":"Technological solutions for the textile industry","breadcrumb":{"@id":"https:\/\/pintergroup.net\/es\/nuevo-apr\/#breadcrumb"},"inLanguage":"es","potentialAction":[{"@type":"ReadAction","target":["https:\/\/pintergroup.net\/es\/nuevo-apr\/"]}]},{"@type":"ImageObject","inLanguage":"es","@id":"https:\/\/pintergroup.net\/es\/nuevo-apr\/#primaryimage","url":"https:\/\/i0.wp.com\/pintergroup.net\/wp-content\/uploads\/2023\/06\/Immagine1.jpg?fit=768%2C520&amp;ssl=1","contentUrl":"https:\/\/i0.wp.com\/pintergroup.net\/wp-content\/uploads\/2023\/06\/Immagine1.jpg?fit=768%2C520&amp;ssl=1"},{"@type":"BreadcrumbList","@id":"https:\/\/pintergroup.net\/es\/nuevo-apr\/#breadcrumb","itemListElement":[{"@type":"ListItem","position":1,"name":"Home","item":"https:\/\/pintergroup.net\/es\/home\/"},{"@type":"ListItem","position":2,"name":"Nuevo APR"}]},{"@type":"WebSite","@id":"https:\/\/pintergroup.net\/#website","url":"https:\/\/pintergroup.net\/","name":"PINTER GROUP","description":"TECHNOLOGICAL SOLUTIONS FOR THE TEXTILE INDUSTRY","publisher":{"@id":"https:\/\/pintergroup.net\/#organization"},"potentialAction":[{"@type":"SearchAction","target":{"@type":"EntryPoint","urlTemplate":"https:\/\/pintergroup.net\/?s={search_term_string}"},"query-input":{"@type":"PropertyValueSpecification","valueRequired":true,"valueName":"search_term_string"}}],"inLanguage":"es"},{"@type":"Organization","@id":"https:\/\/pintergroup.net\/#organization","name":"PINTER GROUP","url":"https:\/\/pintergroup.net\/","logo":{"@type":"ImageObject","inLanguage":"es","@id":"https:\/\/pintergroup.net\/#\/schema\/logo\/image\/","url":"https:\/\/i0.wp.com\/pintergroup.net\/wp-content\/uploads\/2021\/09\/cropped-logo-pintergroup-purple-h-e1631709521961.png?fit=967%2C327&ssl=1","contentUrl":"https:\/\/i0.wp.com\/pintergroup.net\/wp-content\/uploads\/2021\/09\/cropped-logo-pintergroup-purple-h-e1631709521961.png?fit=967%2C327&ssl=1","width":967,"height":327,"caption":"PINTER GROUP"},"image":{"@id":"https:\/\/pintergroup.net\/#\/schema\/logo\/image\/"}}]}},"jetpack_sharing_enabled":true,"jetpack_likes_enabled":false,"jetpack_shortlink":"https:\/\/wp.me\/Pd0q0D-1AW","amp_enabled":true,"_links":{"self":[{"href":"https:\/\/pintergroup.net\/es\/wp-json\/wp\/v2\/pages\/6134","targetHints":{"allow":["GET"]}}],"collection":[{"href":"https:\/\/pintergroup.net\/es\/wp-json\/wp\/v2\/pages"}],"about":[{"href":"https:\/\/pintergroup.net\/es\/wp-json\/wp\/v2\/types\/page"}],"author":[{"embeddable":true,"href":"https:\/\/pintergroup.net\/es\/wp-json\/wp\/v2\/users\/128965139"}],"replies":[{"embeddable":true,"href":"https:\/\/pintergroup.net\/es\/wp-json\/wp\/v2\/comments?post=6134"}],"version-history":[{"count":1,"href":"https:\/\/pintergroup.net\/es\/wp-json\/wp\/v2\/pages\/6134\/revisions"}],"predecessor-version":[{"id":6135,"href":"https:\/\/pintergroup.net\/es\/wp-json\/wp\/v2\/pages\/6134\/revisions\/6135"}],"wp:attachment":[{"href":"https:\/\/pintergroup.net\/es\/wp-json\/wp\/v2\/media?parent=6134"}],"curies":[{"name":"wp","href":"https:\/\/api.w.org\/{rel}","templated":true}]}}