{"id":4451,"date":"2021-10-22T13:02:28","date_gmt":"2021-10-22T11:02:28","guid":{"rendered":"https:\/\/pintergroup.net\/plantas\/"},"modified":"2025-11-10T09:41:30","modified_gmt":"2025-11-10T08:41:30","slug":"plantas","status":"publish","type":"page","link":"https:\/\/pintergroup.net\/es\/plantas\/","title":{"rendered":"Plantas"},"content":{"rendered":"\t\t<div data-elementor-type=\"wp-page\" data-elementor-id=\"4451\" class=\"elementor elementor-4451 elementor-2654\" data-elementor-post-type=\"page\">\n\t\t\t\t\t\t<section class=\"elementor-section elementor-top-section elementor-element elementor-element-1b29d37c elementor-section-stretched elementor-section-height-min-height elementor-section-boxed elementor-section-height-default elementor-section-items-middle elementor-invisible\" data-id=\"1b29d37c\" data-element_type=\"section\" data-e-type=\"section\" data-settings=\"{&quot;background_background&quot;:&quot;classic&quot;,&quot;stretch_section&quot;:&quot;section-stretched&quot;,&quot;animation&quot;:&quot;fadeIn&quot;}\">\n\t\t\t\t\t\t\t<div class=\"elementor-background-overlay\"><\/div>\n\t\t\t\t\t\t\t<div class=\"elementor-container elementor-column-gap-default\">\n\t\t\t\t\t<div class=\"elementor-column elementor-col-100 elementor-top-column elementor-element elementor-element-62f598ef\" data-id=\"62f598ef\" data-element_type=\"column\" data-e-type=\"column\">\n\t\t\t<div class=\"elementor-widget-wrap elementor-element-populated\">\n\t\t\t\t\t\t<div class=\"elementor-element elementor-element-5b89d116 elementor-widget elementor-widget-heading\" data-id=\"5b89d116\" data-element_type=\"widget\" data-e-type=\"widget\" data-widget_type=\"heading.default\">\n\t\t\t\t<div class=\"elementor-widget-container\">\n\t\t\t\t\t<h1 class=\"elementor-heading-title elementor-size-default\">Plantas<\/h1>\t\t\t\t<\/div>\n\t\t\t\t<\/div>\n\t\t\t\t<div class=\"elementor-element elementor-element-f397e4a elementor-widget__width-initial elementor-widget elementor-widget-image\" data-id=\"f397e4a\" data-element_type=\"widget\" data-e-type=\"widget\" data-widget_type=\"image.default\">\n\t\t\t\t<div class=\"elementor-widget-container\">\n\t\t\t\t\t\t\t\t\t\t\t\t\t\t\t<img fetchpriority=\"high\" decoding=\"async\" data-attachment-id=\"7249\" data-permalink=\"https:\/\/pintergroup.net\/es\/plantas\/esp-3\/\" data-orig-file=\"https:\/\/i0.wp.com\/pintergroup.net\/wp-content\/uploads\/2025\/11\/ESP-1.png?fit=1920%2C1080&amp;ssl=1\" data-orig-size=\"1920,1080\" data-comments-opened=\"0\" data-image-meta=\"{&quot;aperture&quot;:&quot;0&quot;,&quot;credit&quot;:&quot;&quot;,&quot;camera&quot;:&quot;&quot;,&quot;caption&quot;:&quot;&quot;,&quot;created_timestamp&quot;:&quot;0&quot;,&quot;copyright&quot;:&quot;&quot;,&quot;focal_length&quot;:&quot;0&quot;,&quot;iso&quot;:&quot;0&quot;,&quot;shutter_speed&quot;:&quot;0&quot;,&quot;title&quot;:&quot;&quot;,&quot;orientation&quot;:&quot;0&quot;}\" data-image-title=\"ESP\" data-image-description=\"\" data-image-caption=\"\" data-medium-file=\"https:\/\/i0.wp.com\/pintergroup.net\/wp-content\/uploads\/2025\/11\/ESP-1.png?fit=300%2C169&amp;ssl=1\" data-large-file=\"https:\/\/i0.wp.com\/pintergroup.net\/wp-content\/uploads\/2025\/11\/ESP-1.png?fit=1024%2C576&amp;ssl=1\" width=\"1024\" height=\"576\" src=\"https:\/\/i0.wp.com\/pintergroup.net\/wp-content\/uploads\/2025\/11\/ESP-1.png?fit=1024%2C576&amp;ssl=1\" class=\"attachment-large size-large wp-image-7249\" alt=\"\" srcset=\"https:\/\/i0.wp.com\/pintergroup.net\/wp-content\/uploads\/2025\/11\/ESP-1.png?w=1920&amp;ssl=1 1920w, https:\/\/i0.wp.com\/pintergroup.net\/wp-content\/uploads\/2025\/11\/ESP-1.png?resize=300%2C169&amp;ssl=1 300w, https:\/\/i0.wp.com\/pintergroup.net\/wp-content\/uploads\/2025\/11\/ESP-1.png?resize=1024%2C576&amp;ssl=1 1024w, https:\/\/i0.wp.com\/pintergroup.net\/wp-content\/uploads\/2025\/11\/ESP-1.png?resize=768%2C432&amp;ssl=1 768w, https:\/\/i0.wp.com\/pintergroup.net\/wp-content\/uploads\/2025\/11\/ESP-1.png?resize=1536%2C864&amp;ssl=1 1536w\" sizes=\"(max-width: 1024px) 100vw, 1024px\" data-attachment-id=\"7249\" data-permalink=\"https:\/\/pintergroup.net\/es\/plantas\/esp-3\/\" data-orig-file=\"https:\/\/i0.wp.com\/pintergroup.net\/wp-content\/uploads\/2025\/11\/ESP-1.png?fit=1920%2C1080&amp;ssl=1\" data-orig-size=\"1920,1080\" data-comments-opened=\"0\" data-image-meta=\"{&quot;aperture&quot;:&quot;0&quot;,&quot;credit&quot;:&quot;&quot;,&quot;camera&quot;:&quot;&quot;,&quot;caption&quot;:&quot;&quot;,&quot;created_timestamp&quot;:&quot;0&quot;,&quot;copyright&quot;:&quot;&quot;,&quot;focal_length&quot;:&quot;0&quot;,&quot;iso&quot;:&quot;0&quot;,&quot;shutter_speed&quot;:&quot;0&quot;,&quot;title&quot;:&quot;&quot;,&quot;orientation&quot;:&quot;0&quot;}\" data-image-title=\"ESP\" data-image-description=\"\" data-image-caption=\"\" data-medium-file=\"https:\/\/i0.wp.com\/pintergroup.net\/wp-content\/uploads\/2025\/11\/ESP-1.png?fit=300%2C169&amp;ssl=1\" data-large-file=\"https:\/\/i0.wp.com\/pintergroup.net\/wp-content\/uploads\/2025\/11\/ESP-1.png?fit=1024%2C576&amp;ssl=1\" \/>\t\t\t\t\t\t\t\t\t\t\t\t\t\t\t<\/div>\n\t\t\t\t<\/div>\n\t\t\t\t\t<\/div>\n\t\t<\/div>\n\t\t\t\t\t<\/div>\n\t\t<\/section>\n\t\t\t\t<section class=\"elementor-section elementor-top-section elementor-element elementor-element-p1l7tna elementor-section-content-middle elementor-section-boxed elementor-section-height-default elementor-section-height-default\" data-id=\"p1l7tna\" data-element_type=\"section\" data-e-type=\"section\" data-settings=\"{&quot;background_background&quot;:&quot;classic&quot;}\">\n\t\t\t\t\t\t\t<div class=\"elementor-background-overlay\"><\/div>\n\t\t\t\t\t\t\t<div class=\"elementor-container elementor-column-gap-no\">\n\t\t\t\t\t<div class=\"elementor-column elementor-col-33 elementor-top-column elementor-element elementor-element-00fe61f\" data-id=\"00fe61f\" data-element_type=\"column\" data-e-type=\"column\">\n\t\t\t<div class=\"elementor-widget-wrap elementor-element-populated\">\n\t\t\t\t\t\t<div class=\"elementor-element elementor-element-1460afc elementor-widget elementor-widget-heading\" data-id=\"1460afc\" data-element_type=\"widget\" data-e-type=\"widget\" data-widget_type=\"heading.default\">\n\t\t\t\t<div class=\"elementor-widget-container\">\n\t\t\t\t\t<h3 class=\"elementor-heading-title elementor-size-default\">Pinter Caipo SAU<\/h3>\t\t\t\t<\/div>\n\t\t\t\t<\/div>\n\t\t\t\t<div class=\"elementor-element elementor-element-4fe0555 elementor-widget elementor-widget-text-editor\" data-id=\"4fe0555\" data-element_type=\"widget\" data-e-type=\"widget\" data-widget_type=\"text-editor.default\">\n\t\t\t\t<div class=\"elementor-widget-container\">\n\t\t\t\t\t\t\t\t\t<p>Ctra. Manresa a Santpedor, Km 4,6 <br>08251 Santpedor, Barcelona &#8211; ESPA\u00d1A<br>Tel: +34 938 27 27 27<\/p>\t\t\t\t\t\t\t\t<\/div>\n\t\t\t\t<\/div>\n\t\t\t\t\t<\/div>\n\t\t<\/div>\n\t\t\t\t<div class=\"elementor-column elementor-col-33 elementor-top-column elementor-element elementor-element-77f9305\" data-id=\"77f9305\" data-element_type=\"column\" data-e-type=\"column\">\n\t\t\t<div class=\"elementor-widget-wrap elementor-element-populated\">\n\t\t\t\t\t\t<div class=\"elementor-element elementor-element-79b4a88 elementor-widget elementor-widget-heading\" data-id=\"79b4a88\" data-element_type=\"widget\" data-e-type=\"widget\" data-widget_type=\"heading.default\">\n\t\t\t\t<div class=\"elementor-widget-container\">\n\t\t\t\t\t<h3 class=\"elementor-heading-title elementor-size-default\">Pinter Caipo Italia<\/h3>\t\t\t\t<\/div>\n\t\t\t\t<\/div>\n\t\t\t\t<div class=\"elementor-element elementor-element-bf20e91 elementor-widget elementor-widget-text-editor\" data-id=\"bf20e91\" data-element_type=\"widget\" data-e-type=\"widget\" data-widget_type=\"text-editor.default\">\n\t\t\t\t<div class=\"elementor-widget-container\">\n\t\t\t\t\t\t\t\t\t<p>Frazione Violetto, 39 a\u00f1os<br>13835 Valdilana, Biella &#8211; ITALIA<br>T. +39015703 722<\/p>\t\t\t\t\t\t\t\t<\/div>\n\t\t\t\t<\/div>\n\t\t\t\t\t<\/div>\n\t\t<\/div>\n\t\t\t\t<div class=\"elementor-column elementor-col-33 elementor-top-column elementor-element elementor-element-92c59ca\" data-id=\"92c59ca\" data-element_type=\"column\" data-e-type=\"column\">\n\t\t\t<div class=\"elementor-widget-wrap elementor-element-populated\">\n\t\t\t\t\t\t<div class=\"elementor-element elementor-element-2f547cd elementor-widget elementor-widget-heading\" data-id=\"2f547cd\" data-element_type=\"widget\" data-e-type=\"widget\" data-widget_type=\"heading.default\">\n\t\t\t\t<div class=\"elementor-widget-container\">\n\t\t\t\t\t<h3 class=\"elementor-heading-title elementor-size-default\">Softex Srl<\/h3>\t\t\t\t<\/div>\n\t\t\t\t<\/div>\n\t\t\t\t<div class=\"elementor-element elementor-element-0a3ffde elementor-widget elementor-widget-text-editor\" data-id=\"0a3ffde\" data-element_type=\"widget\" data-e-type=\"widget\" data-widget_type=\"text-editor.default\">\n\t\t\t\t<div class=\"elementor-widget-container\">\n\t\t\t\t\t\t\t\t\t<p>Frazione Violetto, 39 a\u00f1os<br>13835 Valdilana, Biella &#8211; ITALIA<br>T. +39 0152 520192<\/p>\t\t\t\t\t\t\t\t<\/div>\n\t\t\t\t<\/div>\n\t\t\t\t\t<\/div>\n\t\t<\/div>\n\t\t\t\t\t<\/div>\n\t\t<\/section>\n\t\t\t\t<section class=\"elementor-section elementor-top-section elementor-element elementor-element-284345b elementor-section-content-top elementor-section-boxed elementor-section-height-default elementor-section-height-default\" data-id=\"284345b\" data-element_type=\"section\" data-e-type=\"section\" data-settings=\"{&quot;background_background&quot;:&quot;classic&quot;}\">\n\t\t\t\t\t\t\t<div class=\"elementor-background-overlay\"><\/div>\n\t\t\t\t\t\t\t<div class=\"elementor-container elementor-column-gap-no\">\n\t\t\t\t\t<div class=\"elementor-column elementor-col-33 elementor-top-column elementor-element elementor-element-7e42749\" data-id=\"7e42749\" data-element_type=\"column\" data-e-type=\"column\">\n\t\t\t<div class=\"elementor-widget-wrap elementor-element-populated\">\n\t\t\t\t\t\t<div class=\"elementor-element elementor-element-ab8f9ba elementor-widget elementor-widget-heading\" data-id=\"ab8f9ba\" data-element_type=\"widget\" data-e-type=\"widget\" data-widget_type=\"heading.default\">\n\t\t\t\t<div class=\"elementor-widget-container\">\n\t\t\t\t\t<h3 class=\"elementor-heading-title elementor-size-default\">Pinter Service India Pvt Ltd<\/h3>\t\t\t\t<\/div>\n\t\t\t\t<\/div>\n\t\t\t\t<div class=\"elementor-element elementor-element-796ca7a elementor-widget elementor-widget-text-editor\" data-id=\"796ca7a\" data-element_type=\"widget\" data-e-type=\"widget\" data-widget_type=\"text-editor.default\">\n\t\t\t\t<div class=\"elementor-widget-container\">\n\t\t\t\t\t\t\t\t\t<p>1\/9, Gurusamy Nagar, Peelamedu<br>641004 Coimbatore &#8211; INDIA<br>T. +91 4222 512 007<\/p>\t\t\t\t\t\t\t\t<\/div>\n\t\t\t\t<\/div>\n\t\t\t\t\t<\/div>\n\t\t<\/div>\n\t\t\t\t<div class=\"elementor-column elementor-col-33 elementor-top-column elementor-element elementor-element-d60f600\" data-id=\"d60f600\" data-element_type=\"column\" data-e-type=\"column\">\n\t\t\t<div class=\"elementor-widget-wrap elementor-element-populated\">\n\t\t\t\t\t\t<div class=\"elementor-element elementor-element-3cf1d89 elementor-widget elementor-widget-heading\" data-id=\"3cf1d89\" data-element_type=\"widget\" data-e-type=\"widget\" data-widget_type=\"heading.default\">\n\t\t\t\t<div class=\"elementor-widget-container\">\n\t\t\t\t\t<h3 class=\"elementor-heading-title elementor-size-default\">Pinter FA.NI Asia Pvt Ltd<\/h3>\t\t\t\t<\/div>\n\t\t\t\t<\/div>\n\t\t\t\t<div class=\"elementor-element elementor-element-e46176f elementor-widget elementor-widget-text-editor\" data-id=\"e46176f\" data-element_type=\"widget\" data-e-type=\"widget\" data-widget_type=\"text-editor.default\">\n\t\t\t\t<div class=\"elementor-widget-container\">\n\t\t\t\t\t\t\t\t\t<p>347, calle Thiruvalluvar<br>Kaatthuottam, Vellakinar Pirivu, GN Mills Post<br>641029 Coimbatore &#8211; INDIA<br>T. +91 0422 2647137<\/p>\t\t\t\t\t\t\t\t<\/div>\n\t\t\t\t<\/div>\n\t\t\t\t\t<\/div>\n\t\t<\/div>\n\t\t\t\t<div class=\"elementor-column elementor-col-33 elementor-top-column elementor-element elementor-element-db5e0a0\" data-id=\"db5e0a0\" data-element_type=\"column\" data-e-type=\"column\">\n\t\t\t<div class=\"elementor-widget-wrap elementor-element-populated\">\n\t\t\t\t\t\t<div class=\"elementor-element elementor-element-17d9321 elementor-widget elementor-widget-heading\" data-id=\"17d9321\" data-element_type=\"widget\" data-e-type=\"widget\" data-widget_type=\"heading.default\">\n\t\t\t\t<div class=\"elementor-widget-container\">\n\t\t\t\t\t<h3 class=\"elementor-heading-title elementor-size-default\">Pinter Yuhua China Technologies Co.Ltd<\/h3>\t\t\t\t<\/div>\n\t\t\t\t<\/div>\n\t\t\t\t<div class=\"elementor-element elementor-element-ba881cd elementor-widget elementor-widget-text-editor\" data-id=\"ba881cd\" data-element_type=\"widget\" data-e-type=\"widget\" data-widget_type=\"text-editor.default\">\n\t\t\t\t<div class=\"elementor-widget-container\">\n\t\t\t\t\t\t\t\t\t<p>No. 36 Haiqu East Road<br>276800 Ciudad de Rizhao, Provincia de Shandong &#8211; CHINA<br>T. +86 6338 265100<\/p>\t\t\t\t\t\t\t\t<\/div>\n\t\t\t\t<\/div>\n\t\t\t\t\t<\/div>\n\t\t<\/div>\n\t\t\t\t\t<\/div>\n\t\t<\/section>\n\t\t\t\t<\/div>\n\t\t","protected":false},"excerpt":{"rendered":"<p>Plantas Pinter Caipo SAU Ctra. Manresa a Santpedor, Km 4,6 08251 Santpedor, Barcelona &#8211; ESPA\u00d1ATel: +34 938 27 27 27 Pinter Caipo Italia Frazione Violetto, 39 a\u00f1os13835 Valdilana, Biella &#8211; ITALIAT. +39015703 722 Softex Srl Frazione Violetto, 39 a\u00f1os13835 Valdilana, Biella &#8211; ITALIAT. +39 0152 520192 Pinter Service India Pvt Ltd 1\/9, Gurusamy Nagar, Peelamedu641004 [&hellip;]<\/p>\n","protected":false},"author":128965148,"featured_media":0,"parent":0,"menu_order":0,"comment_status":"closed","ping_status":"closed","template":"","meta":{"_coblocks_attr":"","_coblocks_dimensions":"","_coblocks_responsive_height":"","_coblocks_accordion_ie_support":"","_crdt_document":"","site-sidebar-layout":"no-sidebar","site-content-layout":"page-builder","ast-site-content-layout":"default","site-content-style":"default","site-sidebar-style":"default","ast-global-header-display":"","ast-banner-title-visibility":"","ast-main-header-display":"","ast-hfb-above-header-display":"","ast-hfb-below-header-display":"","ast-hfb-mobile-header-display":"","site-post-title":"disabled","ast-breadcrumbs-content":"","ast-featured-img":"disabled","footer-sml-layout":"","ast-disable-related-posts":"","theme-transparent-header-meta":"","adv-header-id-meta":"","stick-header-meta":"","header-above-stick-meta":"","header-main-stick-meta":"","header-below-stick-meta":"","astra-migrate-meta-layouts":"default","ast-page-background-enabled":"default","ast-page-background-meta":{"desktop":{"background-color":"","background-image":"","background-repeat":"repeat","background-position":"center center","background-size":"auto","background-attachment":"scroll","background-type":"","background-media":"","overlay-type":"","overlay-color":"","overlay-opacity":"","overlay-gradient":""},"tablet":{"background-color":"","background-image":"","background-repeat":"repeat","background-position":"center center","background-size":"auto","background-attachment":"scroll","background-type":"","background-media":"","overlay-type":"","overlay-color":"","overlay-opacity":"","overlay-gradient":""},"mobile":{"background-color":"","background-image":"","background-repeat":"repeat","background-position":"center center","background-size":"auto","background-attachment":"scroll","background-type":"","background-media":"","overlay-type":"","overlay-color":"","overlay-opacity":"","overlay-gradient":""}},"ast-content-background-meta":{"desktop":{"background-color":"var(--ast-global-color-5)","background-image":"","background-repeat":"repeat","background-position":"center center","background-size":"auto","background-attachment":"scroll","background-type":"","background-media":"","overlay-type":"","overlay-color":"","overlay-opacity":"","overlay-gradient":""},"tablet":{"background-color":"var(--ast-global-color-5)","background-image":"","background-repeat":"repeat","background-position":"center center","background-size":"auto","background-attachment":"scroll","background-type":"","background-media":"","overlay-type":"","overlay-color":"","overlay-opacity":"","overlay-gradient":""},"mobile":{"background-color":"var(--ast-global-color-5)","background-image":"","background-repeat":"repeat","background-position":"center center","background-size":"auto","background-attachment":"scroll","background-type":"","background-media":"","overlay-type":"","overlay-color":"","overlay-opacity":"","overlay-gradient":""}},"footnotes":""},"class_list":["post-4451","page","type-page","status-publish","hentry"],"yoast_head":"<!-- This site is optimized with the Yoast SEO plugin v27.0 - https:\/\/yoast.com\/product\/yoast-seo-wordpress\/ -->\n<title>Plantas - PINTER GROUP<\/title>\n<meta name=\"description\" content=\"Technological solutions for the textile industry\" \/>\n<meta name=\"robots\" content=\"index, follow, max-snippet:-1, max-image-preview:large, max-video-preview:-1\" \/>\n<link rel=\"canonical\" href=\"https:\/\/pintergroup.net\/locations\/\" \/>\n<meta property=\"og:locale\" content=\"es_ES\" \/>\n<meta property=\"og:type\" content=\"article\" \/>\n<meta property=\"og:title\" content=\"Plantas - PINTER GROUP\" \/>\n<meta property=\"og:description\" content=\"Technological solutions for the textile industry\" \/>\n<meta property=\"og:url\" content=\"https:\/\/pintergroup.net\/locations\/\" \/>\n<meta property=\"og:site_name\" content=\"PINTER GROUP\" \/>\n<meta property=\"article:modified_time\" content=\"2025-11-10T08:41:30+00:00\" \/>\n<meta property=\"og:image\" content=\"https:\/\/pintergroup.net\/wp-content\/uploads\/2025\/11\/ESP-1-1024x576.png\" \/>\n<meta name=\"twitter:card\" content=\"summary_large_image\" \/>\n<meta name=\"twitter:label1\" content=\"Tiempo de lectura\" \/>\n\t<meta name=\"twitter:data1\" content=\"1 minuto\" \/>\n<script type=\"application\/ld+json\" class=\"yoast-schema-graph\">{\"@context\":\"https:\/\/schema.org\",\"@graph\":[{\"@type\":\"WebPage\",\"@id\":\"https:\/\/pintergroup.net\/locations\/\",\"url\":\"https:\/\/pintergroup.net\/locations\/\",\"name\":\"Plantas - PINTER GROUP\",\"isPartOf\":{\"@id\":\"https:\/\/pintergroup.net\/#website\"},\"primaryImageOfPage\":{\"@id\":\"https:\/\/pintergroup.net\/locations\/#primaryimage\"},\"image\":{\"@id\":\"https:\/\/pintergroup.net\/locations\/#primaryimage\"},\"thumbnailUrl\":\"https:\/\/pintergroup.net\/wp-content\/uploads\/2025\/11\/ESP-1-1024x576.png\",\"datePublished\":\"2021-10-22T11:02:28+00:00\",\"dateModified\":\"2025-11-10T08:41:30+00:00\",\"description\":\"Technological solutions for the textile industry\",\"breadcrumb\":{\"@id\":\"https:\/\/pintergroup.net\/locations\/#breadcrumb\"},\"inLanguage\":\"es\",\"potentialAction\":[{\"@type\":\"ReadAction\",\"target\":[\"https:\/\/pintergroup.net\/locations\/\"]}]},{\"@type\":\"ImageObject\",\"inLanguage\":\"es\",\"@id\":\"https:\/\/pintergroup.net\/locations\/#primaryimage\",\"url\":\"https:\/\/pintergroup.net\/wp-content\/uploads\/2025\/11\/ESP-1-1024x576.png\",\"contentUrl\":\"https:\/\/pintergroup.net\/wp-content\/uploads\/2025\/11\/ESP-1-1024x576.png\"},{\"@type\":\"BreadcrumbList\",\"@id\":\"https:\/\/pintergroup.net\/locations\/#breadcrumb\",\"itemListElement\":[{\"@type\":\"ListItem\",\"position\":1,\"name\":\"Home\",\"item\":\"https:\/\/pintergroup.net\/es\/home\/\"},{\"@type\":\"ListItem\",\"position\":2,\"name\":\"Plantas\"}]},{\"@type\":\"WebSite\",\"@id\":\"https:\/\/pintergroup.net\/#website\",\"url\":\"https:\/\/pintergroup.net\/\",\"name\":\"PINTER GROUP\",\"description\":\"TECHNOLOGICAL SOLUTIONS FOR THE TEXTILE INDUSTRY\",\"publisher\":{\"@id\":\"https:\/\/pintergroup.net\/#organization\"},\"potentialAction\":[{\"@type\":\"SearchAction\",\"target\":{\"@type\":\"EntryPoint\",\"urlTemplate\":\"https:\/\/pintergroup.net\/?s={search_term_string}\"},\"query-input\":{\"@type\":\"PropertyValueSpecification\",\"valueRequired\":true,\"valueName\":\"search_term_string\"}}],\"inLanguage\":\"es\"},{\"@type\":\"Organization\",\"@id\":\"https:\/\/pintergroup.net\/#organization\",\"name\":\"PINTER GROUP\",\"url\":\"https:\/\/pintergroup.net\/\",\"logo\":{\"@type\":\"ImageObject\",\"inLanguage\":\"es\",\"@id\":\"https:\/\/pintergroup.net\/#\/schema\/logo\/image\/\",\"url\":\"https:\/\/i0.wp.com\/pintergroup.net\/wp-content\/uploads\/2021\/09\/cropped-logo-pintergroup-purple-h-e1631709521961.png?fit=967%2C327&ssl=1\",\"contentUrl\":\"https:\/\/i0.wp.com\/pintergroup.net\/wp-content\/uploads\/2021\/09\/cropped-logo-pintergroup-purple-h-e1631709521961.png?fit=967%2C327&ssl=1\",\"width\":967,\"height\":327,\"caption\":\"PINTER GROUP\"},\"image\":{\"@id\":\"https:\/\/pintergroup.net\/#\/schema\/logo\/image\/\"}}]}<\/script>\n<!-- \/ Yoast SEO plugin. -->","yoast_head_json":{"title":"Plantas - PINTER GROUP","description":"Technological solutions for the textile industry","robots":{"index":"index","follow":"follow","max-snippet":"max-snippet:-1","max-image-preview":"max-image-preview:large","max-video-preview":"max-video-preview:-1"},"canonical":"https:\/\/pintergroup.net\/locations\/","og_locale":"es_ES","og_type":"article","og_title":"Plantas - PINTER GROUP","og_description":"Technological solutions for the textile industry","og_url":"https:\/\/pintergroup.net\/locations\/","og_site_name":"PINTER GROUP","article_modified_time":"2025-11-10T08:41:30+00:00","og_image":[{"url":"https:\/\/pintergroup.net\/wp-content\/uploads\/2025\/11\/ESP-1-1024x576.png","type":"","width":"","height":""}],"twitter_card":"summary_large_image","twitter_misc":{"Tiempo de lectura":"1 minuto"},"schema":{"@context":"https:\/\/schema.org","@graph":[{"@type":"WebPage","@id":"https:\/\/pintergroup.net\/locations\/","url":"https:\/\/pintergroup.net\/locations\/","name":"Plantas - PINTER GROUP","isPartOf":{"@id":"https:\/\/pintergroup.net\/#website"},"primaryImageOfPage":{"@id":"https:\/\/pintergroup.net\/locations\/#primaryimage"},"image":{"@id":"https:\/\/pintergroup.net\/locations\/#primaryimage"},"thumbnailUrl":"https:\/\/pintergroup.net\/wp-content\/uploads\/2025\/11\/ESP-1-1024x576.png","datePublished":"2021-10-22T11:02:28+00:00","dateModified":"2025-11-10T08:41:30+00:00","description":"Technological solutions for the textile industry","breadcrumb":{"@id":"https:\/\/pintergroup.net\/locations\/#breadcrumb"},"inLanguage":"es","potentialAction":[{"@type":"ReadAction","target":["https:\/\/pintergroup.net\/locations\/"]}]},{"@type":"ImageObject","inLanguage":"es","@id":"https:\/\/pintergroup.net\/locations\/#primaryimage","url":"https:\/\/pintergroup.net\/wp-content\/uploads\/2025\/11\/ESP-1-1024x576.png","contentUrl":"https:\/\/pintergroup.net\/wp-content\/uploads\/2025\/11\/ESP-1-1024x576.png"},{"@type":"BreadcrumbList","@id":"https:\/\/pintergroup.net\/locations\/#breadcrumb","itemListElement":[{"@type":"ListItem","position":1,"name":"Home","item":"https:\/\/pintergroup.net\/es\/home\/"},{"@type":"ListItem","position":2,"name":"Plantas"}]},{"@type":"WebSite","@id":"https:\/\/pintergroup.net\/#website","url":"https:\/\/pintergroup.net\/","name":"PINTER GROUP","description":"TECHNOLOGICAL SOLUTIONS FOR THE TEXTILE INDUSTRY","publisher":{"@id":"https:\/\/pintergroup.net\/#organization"},"potentialAction":[{"@type":"SearchAction","target":{"@type":"EntryPoint","urlTemplate":"https:\/\/pintergroup.net\/?s={search_term_string}"},"query-input":{"@type":"PropertyValueSpecification","valueRequired":true,"valueName":"search_term_string"}}],"inLanguage":"es"},{"@type":"Organization","@id":"https:\/\/pintergroup.net\/#organization","name":"PINTER GROUP","url":"https:\/\/pintergroup.net\/","logo":{"@type":"ImageObject","inLanguage":"es","@id":"https:\/\/pintergroup.net\/#\/schema\/logo\/image\/","url":"https:\/\/i0.wp.com\/pintergroup.net\/wp-content\/uploads\/2021\/09\/cropped-logo-pintergroup-purple-h-e1631709521961.png?fit=967%2C327&ssl=1","contentUrl":"https:\/\/i0.wp.com\/pintergroup.net\/wp-content\/uploads\/2021\/09\/cropped-logo-pintergroup-purple-h-e1631709521961.png?fit=967%2C327&ssl=1","width":967,"height":327,"caption":"PINTER GROUP"},"image":{"@id":"https:\/\/pintergroup.net\/#\/schema\/logo\/image\/"}}]}},"jetpack_sharing_enabled":true,"jetpack_likes_enabled":false,"jetpack_shortlink":"https:\/\/wp.me\/Pd0q0D-19N","amp_enabled":true,"_links":{"self":[{"href":"https:\/\/pintergroup.net\/es\/wp-json\/wp\/v2\/pages\/4451","targetHints":{"allow":["GET"]}}],"collection":[{"href":"https:\/\/pintergroup.net\/es\/wp-json\/wp\/v2\/pages"}],"about":[{"href":"https:\/\/pintergroup.net\/es\/wp-json\/wp\/v2\/types\/page"}],"author":[{"embeddable":true,"href":"https:\/\/pintergroup.net\/es\/wp-json\/wp\/v2\/users\/128965148"}],"replies":[{"embeddable":true,"href":"https:\/\/pintergroup.net\/es\/wp-json\/wp\/v2\/comments?post=4451"}],"version-history":[{"count":16,"href":"https:\/\/pintergroup.net\/es\/wp-json\/wp\/v2\/pages\/4451\/revisions"}],"predecessor-version":[{"id":7263,"href":"https:\/\/pintergroup.net\/es\/wp-json\/wp\/v2\/pages\/4451\/revisions\/7263"}],"wp:attachment":[{"href":"https:\/\/pintergroup.net\/es\/wp-json\/wp\/v2\/media?parent=4451"}],"curies":[{"name":"wp","href":"https:\/\/api.w.org\/{rel}","templated":true}]}}