{"id":4387,"date":"2021-10-21T12:42:32","date_gmt":"2021-10-21T10:42:32","guid":{"rendered":"https:\/\/pintergroup.net\/effimill-hilanderia-hardware-bobinadoras\/"},"modified":"2021-11-03T15:41:31","modified_gmt":"2021-11-03T14:41:31","slug":"effimill-hilanderia-hardware-bobinadoras","status":"publish","type":"page","link":"https:\/\/pintergroup.net\/es\/effimill-hilanderia-hardware-bobinadoras\/","title":{"rendered":"EffiMill Hilander\u00eda hardware Bobinadoras"},"content":{"rendered":"\t\t<div data-elementor-type=\"wp-page\" data-elementor-id=\"4387\" class=\"elementor elementor-4387 elementor-3462\" data-elementor-post-type=\"page\">\n\t\t\t\t\t\t<section class=\"elementor-section elementor-top-section elementor-element elementor-element-1d87ebc9 elementor-section-stretched elementor-section-height-min-height elementor-section-boxed elementor-section-height-default elementor-section-items-middle elementor-invisible\" data-id=\"1d87ebc9\" data-element_type=\"section\" data-e-type=\"section\" data-settings=\"{&quot;background_background&quot;:&quot;classic&quot;,&quot;stretch_section&quot;:&quot;section-stretched&quot;,&quot;animation&quot;:&quot;fadeIn&quot;}\">\n\t\t\t\t\t\t\t<div class=\"elementor-background-overlay\"><\/div>\n\t\t\t\t\t\t\t<div class=\"elementor-container elementor-column-gap-default\">\n\t\t\t\t\t<div class=\"elementor-column elementor-col-100 elementor-top-column elementor-element elementor-element-77c7151a\" data-id=\"77c7151a\" data-element_type=\"column\" data-e-type=\"column\">\n\t\t\t<div class=\"elementor-widget-wrap elementor-element-populated\">\n\t\t\t\t\t\t<div class=\"elementor-element elementor-element-36ce24d2 elementor-widget elementor-widget-heading\" data-id=\"36ce24d2\" data-element_type=\"widget\" data-e-type=\"widget\" data-widget_type=\"heading.default\">\n\t\t\t\t<div class=\"elementor-widget-container\">\n\t\t\t\t\t<h1 class=\"elementor-heading-title elementor-size-default\">Bobinadoras<\/h1>\t\t\t\t<\/div>\n\t\t\t\t<\/div>\n\t\t\t\t\t<\/div>\n\t\t<\/div>\n\t\t\t\t\t<\/div>\n\t\t<\/section>\n\t\t\t\t<section class=\"elementor-section elementor-top-section elementor-element elementor-element-4d46e584 elementor-section-content-middle elementor-section-boxed elementor-section-height-default elementor-section-height-default\" data-id=\"4d46e584\" data-element_type=\"section\" data-e-type=\"section\" data-settings=\"{&quot;background_background&quot;:&quot;classic&quot;}\">\n\t\t\t\t\t\t<div class=\"elementor-container elementor-column-gap-no\">\n\t\t\t\t\t<div class=\"elementor-column elementor-col-50 elementor-top-column elementor-element elementor-element-7c9045bf\" data-id=\"7c9045bf\" data-element_type=\"column\" data-e-type=\"column\">\n\t\t\t<div class=\"elementor-widget-wrap elementor-element-populated\">\n\t\t\t\t\t\t<div class=\"elementor-element elementor-element-48d2d683 elementor-widget elementor-widget-heading\" data-id=\"48d2d683\" data-element_type=\"widget\" data-e-type=\"widget\" data-widget_type=\"heading.default\">\n\t\t\t\t<div class=\"elementor-widget-container\">\n\t\t\t\t\t<h2 class=\"elementor-heading-title elementor-size-default\">C-Tbox<\/h2>\t\t\t\t<\/div>\n\t\t\t\t<\/div>\n\t\t\t\t<div class=\"elementor-element elementor-element-403a2553 elementor-widget elementor-widget-text-editor\" data-id=\"403a2553\" data-element_type=\"widget\" data-e-type=\"widget\" data-widget_type=\"text-editor.default\">\n\t\t\t\t<div class=\"elementor-widget-container\">\n\t\t\t\t\t\t\t\t\t<p>Es la unidad de control que se instalar\u00e1 en cada m\u00e1quina para recopilar datos en tiempo real.<\/p>\n<p>Puede recopilar datos de sensores, volt\u00edmetros, higr\u00f3metros, termistores y caudal\u00edmetros de aire.<\/p>\n\t\t\t\t\t\t\t\t<\/div>\n\t\t\t\t<\/div>\n\t\t\t\t\t<\/div>\n\t\t<\/div>\n\t\t\t\t<div class=\"elementor-column elementor-col-50 elementor-top-column elementor-element elementor-element-64623157\" data-id=\"64623157\" data-element_type=\"column\" data-e-type=\"column\">\n\t\t\t<div class=\"elementor-widget-wrap elementor-element-populated\">\n\t\t\t\t\t\t<div class=\"elementor-element elementor-element-41309a95 elementor-widget elementor-widget-image\" data-id=\"41309a95\" data-element_type=\"widget\" data-e-type=\"widget\" data-widget_type=\"image.default\">\n\t\t\t\t<div class=\"elementor-widget-container\">\n\t\t\t\t\t\t\t\t\t\t\t\t\t\t\t<img fetchpriority=\"high\" decoding=\"async\" data-attachment-id=\"4187\" data-permalink=\"https:\/\/pintergroup.net\/es\/prueba_idioma\/mother-board-electronic-electronics-5431664-2\/\" data-orig-file=\"https:\/\/i0.wp.com\/pintergroup.net\/wp-content\/uploads\/2021\/08\/mother-board-electronic-electronics-5431664.jpg?fit=1280%2C853&amp;ssl=1\" data-orig-size=\"1280,853\" data-comments-opened=\"0\" data-image-meta=\"{&quot;aperture&quot;:&quot;0&quot;,&quot;credit&quot;:&quot;&quot;,&quot;camera&quot;:&quot;&quot;,&quot;caption&quot;:&quot;&quot;,&quot;created_timestamp&quot;:&quot;0&quot;,&quot;copyright&quot;:&quot;&quot;,&quot;focal_length&quot;:&quot;0&quot;,&quot;iso&quot;:&quot;0&quot;,&quot;shutter_speed&quot;:&quot;0&quot;,&quot;title&quot;:&quot;&quot;,&quot;orientation&quot;:&quot;0&quot;}\" data-image-title=\"placa-madre-electronica-electronica-5431664\" data-image-description=\"\" data-image-caption=\"\" data-large-file=\"https:\/\/i0.wp.com\/pintergroup.net\/wp-content\/uploads\/2021\/08\/mother-board-electronic-electronics-5431664.jpg?fit=1024%2C682&amp;ssl=1\" width=\"768\" height=\"512\" src=\"https:\/\/i0.wp.com\/pintergroup.net\/wp-content\/uploads\/2021\/08\/mother-board-electronic-electronics-5431664.jpg?fit=768%2C512&amp;ssl=1\" class=\"attachment-medium_large size-medium_large wp-image-4187\" alt=\"placa madre, electr\u00f3nica, electr\u00f3nica-5431664.jpg\" srcset=\"https:\/\/i0.wp.com\/pintergroup.net\/wp-content\/uploads\/2021\/08\/mother-board-electronic-electronics-5431664.jpg?w=1280&amp;ssl=1 1280w, https:\/\/i0.wp.com\/pintergroup.net\/wp-content\/uploads\/2021\/08\/mother-board-electronic-electronics-5431664.jpg?resize=300%2C200&amp;ssl=1 300w, https:\/\/i0.wp.com\/pintergroup.net\/wp-content\/uploads\/2021\/08\/mother-board-electronic-electronics-5431664.jpg?resize=1024%2C682&amp;ssl=1 1024w, https:\/\/i0.wp.com\/pintergroup.net\/wp-content\/uploads\/2021\/08\/mother-board-electronic-electronics-5431664.jpg?resize=768%2C512&amp;ssl=1 768w, https:\/\/i0.wp.com\/pintergroup.net\/wp-content\/uploads\/2021\/08\/mother-board-electronic-electronics-5431664.jpg?resize=1200%2C800&amp;ssl=1 1200w\" sizes=\"(max-width: 768px) 100vw, 768px\" data-attachment-id=\"4187\" data-permalink=\"https:\/\/pintergroup.net\/es\/prueba_idioma\/mother-board-electronic-electronics-5431664-2\/\" data-orig-file=\"https:\/\/i0.wp.com\/pintergroup.net\/wp-content\/uploads\/2021\/08\/mother-board-electronic-electronics-5431664.jpg?fit=1280%2C853&amp;ssl=1\" data-orig-size=\"1280,853\" data-comments-opened=\"0\" data-image-meta=\"{&quot;aperture&quot;:&quot;0&quot;,&quot;credit&quot;:&quot;&quot;,&quot;camera&quot;:&quot;&quot;,&quot;caption&quot;:&quot;&quot;,&quot;created_timestamp&quot;:&quot;0&quot;,&quot;copyright&quot;:&quot;&quot;,&quot;focal_length&quot;:&quot;0&quot;,&quot;iso&quot;:&quot;0&quot;,&quot;shutter_speed&quot;:&quot;0&quot;,&quot;title&quot;:&quot;&quot;,&quot;orientation&quot;:&quot;0&quot;}\" data-image-title=\"placa-madre-electronica-electronica-5431664\" data-image-description=\"\" data-image-caption=\"\" data-large-file=\"https:\/\/i0.wp.com\/pintergroup.net\/wp-content\/uploads\/2021\/08\/mother-board-electronic-electronics-5431664.jpg?fit=1024%2C682&amp;ssl=1\" \/>\t\t\t\t\t\t\t\t\t\t\t\t\t\t\t<\/div>\n\t\t\t\t<\/div>\n\t\t\t\t\t<\/div>\n\t\t<\/div>\n\t\t\t\t\t<\/div>\n\t\t<\/section>\n\t\t\t\t<section class=\"elementor-section elementor-top-section elementor-element elementor-element-63bb5c17 elementor-section-content-middle elementor-section-boxed elementor-section-height-default elementor-section-height-default\" data-id=\"63bb5c17\" data-element_type=\"section\" data-e-type=\"section\" data-settings=\"{&quot;background_background&quot;:&quot;classic&quot;}\">\n\t\t\t\t\t\t\t<div class=\"elementor-background-overlay\"><\/div>\n\t\t\t\t\t\t\t<div class=\"elementor-container elementor-column-gap-no\">\n\t\t\t\t\t<div class=\"elementor-column elementor-col-50 elementor-top-column elementor-element elementor-element-5b84faf\" data-id=\"5b84faf\" data-element_type=\"column\" data-e-type=\"column\">\n\t\t\t<div class=\"elementor-widget-wrap elementor-element-populated\">\n\t\t\t\t\t\t<div class=\"elementor-element elementor-element-10b6915d elementor-widget elementor-widget-image\" data-id=\"10b6915d\" data-element_type=\"widget\" data-e-type=\"widget\" data-widget_type=\"image.default\">\n\t\t\t\t<div class=\"elementor-widget-container\">\n\t\t\t\t\t\t\t\t\t\t\t\t\t\t\t<img decoding=\"async\" data-attachment-id=\"4189\" data-permalink=\"https:\/\/pintergroup.net\/es\/prueba_idioma\/display-2\/\" data-orig-file=\"https:\/\/i0.wp.com\/pintergroup.net\/wp-content\/uploads\/2021\/08\/display.png?fit=790%2C673&amp;ssl=1\" data-orig-size=\"790,673\" data-comments-opened=\"0\" data-image-meta=\"{&quot;aperture&quot;:&quot;0&quot;,&quot;credit&quot;:&quot;&quot;,&quot;camera&quot;:&quot;&quot;,&quot;caption&quot;:&quot;&quot;,&quot;created_timestamp&quot;:&quot;0&quot;,&quot;copyright&quot;:&quot;&quot;,&quot;focal_length&quot;:&quot;0&quot;,&quot;iso&quot;:&quot;0&quot;,&quot;shutter_speed&quot;:&quot;0&quot;,&quot;title&quot;:&quot;&quot;,&quot;orientation&quot;:&quot;0&quot;}\" data-image-title=\"monitor\" data-image-description=\"\" data-image-caption=\"\" data-large-file=\"https:\/\/i0.wp.com\/pintergroup.net\/wp-content\/uploads\/2021\/08\/display.png?fit=790%2C673&amp;ssl=1\" width=\"768\" height=\"654\" src=\"https:\/\/i0.wp.com\/pintergroup.net\/wp-content\/uploads\/2021\/08\/display.png?fit=768%2C654&amp;ssl=1\" class=\"attachment-medium_large size-medium_large wp-image-4189\" alt=\"\" srcset=\"https:\/\/i0.wp.com\/pintergroup.net\/wp-content\/uploads\/2021\/08\/display.png?w=790&amp;ssl=1 790w, https:\/\/i0.wp.com\/pintergroup.net\/wp-content\/uploads\/2021\/08\/display.png?resize=300%2C256&amp;ssl=1 300w, https:\/\/i0.wp.com\/pintergroup.net\/wp-content\/uploads\/2021\/08\/display.png?resize=768%2C654&amp;ssl=1 768w\" sizes=\"(max-width: 768px) 100vw, 768px\" data-attachment-id=\"4189\" data-permalink=\"https:\/\/pintergroup.net\/es\/prueba_idioma\/display-2\/\" data-orig-file=\"https:\/\/i0.wp.com\/pintergroup.net\/wp-content\/uploads\/2021\/08\/display.png?fit=790%2C673&amp;ssl=1\" data-orig-size=\"790,673\" data-comments-opened=\"0\" data-image-meta=\"{&quot;aperture&quot;:&quot;0&quot;,&quot;credit&quot;:&quot;&quot;,&quot;camera&quot;:&quot;&quot;,&quot;caption&quot;:&quot;&quot;,&quot;created_timestamp&quot;:&quot;0&quot;,&quot;copyright&quot;:&quot;&quot;,&quot;focal_length&quot;:&quot;0&quot;,&quot;iso&quot;:&quot;0&quot;,&quot;shutter_speed&quot;:&quot;0&quot;,&quot;title&quot;:&quot;&quot;,&quot;orientation&quot;:&quot;0&quot;}\" data-image-title=\"monitor\" data-image-description=\"\" data-image-caption=\"\" data-large-file=\"https:\/\/i0.wp.com\/pintergroup.net\/wp-content\/uploads\/2021\/08\/display.png?fit=790%2C673&amp;ssl=1\" \/>\t\t\t\t\t\t\t\t\t\t\t\t\t\t\t<\/div>\n\t\t\t\t<\/div>\n\t\t\t\t\t<\/div>\n\t\t<\/div>\n\t\t\t\t<div class=\"elementor-column elementor-col-50 elementor-top-column elementor-element elementor-element-62f9f933\" data-id=\"62f9f933\" data-element_type=\"column\" data-e-type=\"column\">\n\t\t\t<div class=\"elementor-widget-wrap elementor-element-populated\">\n\t\t\t\t\t\t<div class=\"elementor-element elementor-element-78f6b648 elementor-widget elementor-widget-heading\" data-id=\"78f6b648\" data-element_type=\"widget\" data-e-type=\"widget\" data-widget_type=\"heading.default\">\n\t\t\t\t<div class=\"elementor-widget-container\">\n\t\t\t\t\t<h2 class=\"elementor-heading-title elementor-size-default\">Pantalla t\u00e1ctil<\/h2>\t\t\t\t<\/div>\n\t\t\t\t<\/div>\n\t\t\t\t<div class=\"elementor-element elementor-element-3046a14d elementor-widget elementor-widget-text-editor\" data-id=\"3046a14d\" data-element_type=\"widget\" data-e-type=\"widget\" data-widget_type=\"text-editor.default\">\n\t\t\t\t<div class=\"elementor-widget-container\">\n\t\t\t\t\t\t\t\t\t<p>Instalamos una pantalla t\u00e1ctil a color de 7 \u00bb en cada m\u00e1quina, para permitir la interacci\u00f3n entre los operadores y el sistema de monitoreo.<\/p>\n\t\t\t\t\t\t\t\t<\/div>\n\t\t\t\t<\/div>\n\t\t\t\t\t<\/div>\n\t\t<\/div>\n\t\t\t\t\t<\/div>\n\t\t<\/section>\n\t\t\t\t<\/div>\n\t\t","protected":false},"excerpt":{"rendered":"<p>Bobinadoras C-Tbox Es la unidad de control que se instalar\u00e1 en cada m\u00e1quina para recopilar datos en tiempo real. Puede recopilar datos de sensores, volt\u00edmetros, higr\u00f3metros, termistores y caudal\u00edmetros de aire. Pantalla t\u00e1ctil Instalamos una pantalla t\u00e1ctil a color de 7 \u00bb en cada m\u00e1quina, para permitir la interacci\u00f3n entre los operadores y el sistema [&hellip;]<\/p>\n","protected":false},"author":128965148,"featured_media":0,"parent":0,"menu_order":0,"comment_status":"closed","ping_status":"closed","template":"","meta":{"_coblocks_attr":"","_coblocks_dimensions":"","_coblocks_responsive_height":"","_coblocks_accordion_ie_support":"","_crdt_document":"","site-sidebar-layout":"no-sidebar","site-content-layout":"page-builder","ast-site-content-layout":"default","site-content-style":"default","site-sidebar-style":"default","ast-global-header-display":"","ast-banner-title-visibility":"","ast-main-header-display":"","ast-hfb-above-header-display":"","ast-hfb-below-header-display":"","ast-hfb-mobile-header-display":"","site-post-title":"disabled","ast-breadcrumbs-content":"","ast-featured-img":"disabled","footer-sml-layout":"","ast-disable-related-posts":"","theme-transparent-header-meta":"default","adv-header-id-meta":"","stick-header-meta":"default","header-above-stick-meta":"","header-main-stick-meta":"","header-below-stick-meta":"","astra-migrate-meta-layouts":"default","ast-page-background-enabled":"default","ast-page-background-meta":{"desktop":{"background-color":"","background-image":"","background-repeat":"repeat","background-position":"center center","background-size":"auto","background-attachment":"scroll","background-type":"","background-media":"","overlay-type":"","overlay-color":"","overlay-opacity":"","overlay-gradient":""},"tablet":{"background-color":"","background-image":"","background-repeat":"repeat","background-position":"center center","background-size":"auto","background-attachment":"scroll","background-type":"","background-media":"","overlay-type":"","overlay-color":"","overlay-opacity":"","overlay-gradient":""},"mobile":{"background-color":"","background-image":"","background-repeat":"repeat","background-position":"center center","background-size":"auto","background-attachment":"scroll","background-type":"","background-media":"","overlay-type":"","overlay-color":"","overlay-opacity":"","overlay-gradient":""}},"ast-content-background-meta":{"desktop":{"background-color":"var(--ast-global-color-5)","background-image":"","background-repeat":"repeat","background-position":"center center","background-size":"auto","background-attachment":"scroll","background-type":"","background-media":"","overlay-type":"","overlay-color":"","overlay-opacity":"","overlay-gradient":""},"tablet":{"background-color":"var(--ast-global-color-5)","background-image":"","background-repeat":"repeat","background-position":"center center","background-size":"auto","background-attachment":"scroll","background-type":"","background-media":"","overlay-type":"","overlay-color":"","overlay-opacity":"","overlay-gradient":""},"mobile":{"background-color":"var(--ast-global-color-5)","background-image":"","background-repeat":"repeat","background-position":"center center","background-size":"auto","background-attachment":"scroll","background-type":"","background-media":"","overlay-type":"","overlay-color":"","overlay-opacity":"","overlay-gradient":""}},"footnotes":""},"class_list":["post-4387","page","type-page","status-publish","hentry"],"yoast_head":"<!-- This site is optimized with the Yoast SEO plugin v27.4 - https:\/\/yoast.com\/product\/yoast-seo-wordpress\/ -->\n<title>EffiMill Hilander\u00eda hardware Bobinadoras - PINTER GROUP<\/title>\n<meta name=\"description\" content=\"Technological solutions for the textile industry\" \/>\n<meta name=\"robots\" content=\"index, follow, max-snippet:-1, max-image-preview:large, max-video-preview:-1\" \/>\n<link rel=\"canonical\" href=\"https:\/\/pintergroup.net\/es\/effimill-hilanderia-hardware-bobinadoras\/\" \/>\n<meta property=\"og:locale\" content=\"es_ES\" \/>\n<meta property=\"og:type\" content=\"article\" \/>\n<meta property=\"og:title\" content=\"EffiMill Hilander\u00eda hardware Bobinadoras - PINTER GROUP\" \/>\n<meta property=\"og:description\" content=\"Technological solutions for the textile industry\" \/>\n<meta property=\"og:url\" content=\"https:\/\/pintergroup.net\/es\/effimill-hilanderia-hardware-bobinadoras\/\" \/>\n<meta property=\"og:site_name\" content=\"PINTER GROUP\" \/>\n<meta property=\"article:modified_time\" content=\"2021-11-03T14:41:31+00:00\" \/>\n<meta property=\"og:image\" content=\"https:\/\/i1.wp.com\/pintergroup.net\/wp-content\/uploads\/2021\/08\/mother-board-electronic-electronics-5431664.jpg?fit=768%2C512&amp;ssl=1\" \/>\n<meta name=\"twitter:card\" content=\"summary_large_image\" \/>\n<script type=\"application\/ld+json\" class=\"yoast-schema-graph\">{\"@context\":\"https:\\\/\\\/schema.org\",\"@graph\":[{\"@type\":\"WebPage\",\"@id\":\"https:\\\/\\\/pintergroup.net\\\/es\\\/effimill-hilanderia-hardware-bobinadoras\\\/\",\"url\":\"https:\\\/\\\/pintergroup.net\\\/es\\\/effimill-hilanderia-hardware-bobinadoras\\\/\",\"name\":\"EffiMill Hilander\u00eda hardware Bobinadoras - PINTER GROUP\",\"isPartOf\":{\"@id\":\"https:\\\/\\\/pintergroup.net\\\/#website\"},\"primaryImageOfPage\":{\"@id\":\"https:\\\/\\\/pintergroup.net\\\/es\\\/effimill-hilanderia-hardware-bobinadoras\\\/#primaryimage\"},\"image\":{\"@id\":\"https:\\\/\\\/pintergroup.net\\\/es\\\/effimill-hilanderia-hardware-bobinadoras\\\/#primaryimage\"},\"thumbnailUrl\":\"https:\\\/\\\/i1.wp.com\\\/pintergroup.net\\\/wp-content\\\/uploads\\\/2021\\\/08\\\/mother-board-electronic-electronics-5431664.jpg?fit=768%2C512&amp;ssl=1\",\"datePublished\":\"2021-10-21T10:42:32+00:00\",\"dateModified\":\"2021-11-03T14:41:31+00:00\",\"description\":\"Technological solutions for the textile industry\",\"breadcrumb\":{\"@id\":\"https:\\\/\\\/pintergroup.net\\\/es\\\/effimill-hilanderia-hardware-bobinadoras\\\/#breadcrumb\"},\"inLanguage\":\"es\",\"potentialAction\":[{\"@type\":\"ReadAction\",\"target\":[\"https:\\\/\\\/pintergroup.net\\\/es\\\/effimill-hilanderia-hardware-bobinadoras\\\/\"]}]},{\"@type\":\"ImageObject\",\"inLanguage\":\"es\",\"@id\":\"https:\\\/\\\/pintergroup.net\\\/es\\\/effimill-hilanderia-hardware-bobinadoras\\\/#primaryimage\",\"url\":\"https:\\\/\\\/i1.wp.com\\\/pintergroup.net\\\/wp-content\\\/uploads\\\/2021\\\/08\\\/mother-board-electronic-electronics-5431664.jpg?fit=768%2C512&amp;ssl=1\",\"contentUrl\":\"https:\\\/\\\/i1.wp.com\\\/pintergroup.net\\\/wp-content\\\/uploads\\\/2021\\\/08\\\/mother-board-electronic-electronics-5431664.jpg?fit=768%2C512&amp;ssl=1\"},{\"@type\":\"BreadcrumbList\",\"@id\":\"https:\\\/\\\/pintergroup.net\\\/es\\\/effimill-hilanderia-hardware-bobinadoras\\\/#breadcrumb\",\"itemListElement\":[{\"@type\":\"ListItem\",\"position\":1,\"name\":\"Home\",\"item\":\"https:\\\/\\\/pintergroup.net\\\/es\\\/home\\\/\"},{\"@type\":\"ListItem\",\"position\":2,\"name\":\"EffiMill Hilander\u00eda hardware Bobinadoras\"}]},{\"@type\":\"WebSite\",\"@id\":\"https:\\\/\\\/pintergroup.net\\\/#website\",\"url\":\"https:\\\/\\\/pintergroup.net\\\/\",\"name\":\"PINTER GROUP\",\"description\":\"TECHNOLOGICAL SOLUTIONS FOR THE TEXTILE INDUSTRY\",\"publisher\":{\"@id\":\"https:\\\/\\\/pintergroup.net\\\/#organization\"},\"potentialAction\":[{\"@type\":\"SearchAction\",\"target\":{\"@type\":\"EntryPoint\",\"urlTemplate\":\"https:\\\/\\\/pintergroup.net\\\/?s={search_term_string}\"},\"query-input\":{\"@type\":\"PropertyValueSpecification\",\"valueRequired\":true,\"valueName\":\"search_term_string\"}}],\"inLanguage\":\"es\"},{\"@type\":\"Organization\",\"@id\":\"https:\\\/\\\/pintergroup.net\\\/#organization\",\"name\":\"PINTER GROUP\",\"url\":\"https:\\\/\\\/pintergroup.net\\\/\",\"logo\":{\"@type\":\"ImageObject\",\"inLanguage\":\"es\",\"@id\":\"https:\\\/\\\/pintergroup.net\\\/#\\\/schema\\\/logo\\\/image\\\/\",\"url\":\"https:\\\/\\\/i0.wp.com\\\/pintergroup.net\\\/wp-content\\\/uploads\\\/2021\\\/09\\\/cropped-logo-pintergroup-purple-h-e1631709521961.png?fit=967%2C327&ssl=1\",\"contentUrl\":\"https:\\\/\\\/i0.wp.com\\\/pintergroup.net\\\/wp-content\\\/uploads\\\/2021\\\/09\\\/cropped-logo-pintergroup-purple-h-e1631709521961.png?fit=967%2C327&ssl=1\",\"width\":967,\"height\":327,\"caption\":\"PINTER GROUP\"},\"image\":{\"@id\":\"https:\\\/\\\/pintergroup.net\\\/#\\\/schema\\\/logo\\\/image\\\/\"}}]}<\/script>\n<!-- \/ Yoast SEO plugin. -->","yoast_head_json":{"title":"EffiMill Hilander\u00eda hardware Bobinadoras - PINTER GROUP","description":"Technological solutions for the textile industry","robots":{"index":"index","follow":"follow","max-snippet":"max-snippet:-1","max-image-preview":"max-image-preview:large","max-video-preview":"max-video-preview:-1"},"canonical":"https:\/\/pintergroup.net\/es\/effimill-hilanderia-hardware-bobinadoras\/","og_locale":"es_ES","og_type":"article","og_title":"EffiMill Hilander\u00eda hardware Bobinadoras - PINTER GROUP","og_description":"Technological solutions for the textile industry","og_url":"https:\/\/pintergroup.net\/es\/effimill-hilanderia-hardware-bobinadoras\/","og_site_name":"PINTER GROUP","article_modified_time":"2021-11-03T14:41:31+00:00","og_image":[{"url":"https:\/\/i1.wp.com\/pintergroup.net\/wp-content\/uploads\/2021\/08\/mother-board-electronic-electronics-5431664.jpg?fit=768%2C512&amp;ssl=1","type":"","width":"","height":""}],"twitter_card":"summary_large_image","schema":{"@context":"https:\/\/schema.org","@graph":[{"@type":"WebPage","@id":"https:\/\/pintergroup.net\/es\/effimill-hilanderia-hardware-bobinadoras\/","url":"https:\/\/pintergroup.net\/es\/effimill-hilanderia-hardware-bobinadoras\/","name":"EffiMill Hilander\u00eda hardware Bobinadoras - PINTER GROUP","isPartOf":{"@id":"https:\/\/pintergroup.net\/#website"},"primaryImageOfPage":{"@id":"https:\/\/pintergroup.net\/es\/effimill-hilanderia-hardware-bobinadoras\/#primaryimage"},"image":{"@id":"https:\/\/pintergroup.net\/es\/effimill-hilanderia-hardware-bobinadoras\/#primaryimage"},"thumbnailUrl":"https:\/\/i1.wp.com\/pintergroup.net\/wp-content\/uploads\/2021\/08\/mother-board-electronic-electronics-5431664.jpg?fit=768%2C512&amp;ssl=1","datePublished":"2021-10-21T10:42:32+00:00","dateModified":"2021-11-03T14:41:31+00:00","description":"Technological solutions for the textile industry","breadcrumb":{"@id":"https:\/\/pintergroup.net\/es\/effimill-hilanderia-hardware-bobinadoras\/#breadcrumb"},"inLanguage":"es","potentialAction":[{"@type":"ReadAction","target":["https:\/\/pintergroup.net\/es\/effimill-hilanderia-hardware-bobinadoras\/"]}]},{"@type":"ImageObject","inLanguage":"es","@id":"https:\/\/pintergroup.net\/es\/effimill-hilanderia-hardware-bobinadoras\/#primaryimage","url":"https:\/\/i1.wp.com\/pintergroup.net\/wp-content\/uploads\/2021\/08\/mother-board-electronic-electronics-5431664.jpg?fit=768%2C512&amp;ssl=1","contentUrl":"https:\/\/i1.wp.com\/pintergroup.net\/wp-content\/uploads\/2021\/08\/mother-board-electronic-electronics-5431664.jpg?fit=768%2C512&amp;ssl=1"},{"@type":"BreadcrumbList","@id":"https:\/\/pintergroup.net\/es\/effimill-hilanderia-hardware-bobinadoras\/#breadcrumb","itemListElement":[{"@type":"ListItem","position":1,"name":"Home","item":"https:\/\/pintergroup.net\/es\/home\/"},{"@type":"ListItem","position":2,"name":"EffiMill Hilander\u00eda hardware Bobinadoras"}]},{"@type":"WebSite","@id":"https:\/\/pintergroup.net\/#website","url":"https:\/\/pintergroup.net\/","name":"PINTER GROUP","description":"TECHNOLOGICAL SOLUTIONS FOR THE TEXTILE INDUSTRY","publisher":{"@id":"https:\/\/pintergroup.net\/#organization"},"potentialAction":[{"@type":"SearchAction","target":{"@type":"EntryPoint","urlTemplate":"https:\/\/pintergroup.net\/?s={search_term_string}"},"query-input":{"@type":"PropertyValueSpecification","valueRequired":true,"valueName":"search_term_string"}}],"inLanguage":"es"},{"@type":"Organization","@id":"https:\/\/pintergroup.net\/#organization","name":"PINTER GROUP","url":"https:\/\/pintergroup.net\/","logo":{"@type":"ImageObject","inLanguage":"es","@id":"https:\/\/pintergroup.net\/#\/schema\/logo\/image\/","url":"https:\/\/i0.wp.com\/pintergroup.net\/wp-content\/uploads\/2021\/09\/cropped-logo-pintergroup-purple-h-e1631709521961.png?fit=967%2C327&ssl=1","contentUrl":"https:\/\/i0.wp.com\/pintergroup.net\/wp-content\/uploads\/2021\/09\/cropped-logo-pintergroup-purple-h-e1631709521961.png?fit=967%2C327&ssl=1","width":967,"height":327,"caption":"PINTER GROUP"},"image":{"@id":"https:\/\/pintergroup.net\/#\/schema\/logo\/image\/"}}]}},"jetpack_sharing_enabled":true,"jetpack_likes_enabled":false,"jetpack_shortlink":"https:\/\/wp.me\/Pd0q0D-18L","amp_enabled":true,"_links":{"self":[{"href":"https:\/\/pintergroup.net\/es\/wp-json\/wp\/v2\/pages\/4387","targetHints":{"allow":["GET"]}}],"collection":[{"href":"https:\/\/pintergroup.net\/es\/wp-json\/wp\/v2\/pages"}],"about":[{"href":"https:\/\/pintergroup.net\/es\/wp-json\/wp\/v2\/types\/page"}],"author":[{"embeddable":true,"href":"https:\/\/pintergroup.net\/es\/wp-json\/wp\/v2\/users\/128965148"}],"replies":[{"embeddable":true,"href":"https:\/\/pintergroup.net\/es\/wp-json\/wp\/v2\/comments?post=4387"}],"version-history":[{"count":3,"href":"https:\/\/pintergroup.net\/es\/wp-json\/wp\/v2\/pages\/4387\/revisions"}],"predecessor-version":[{"id":4646,"href":"https:\/\/pintergroup.net\/es\/wp-json\/wp\/v2\/pages\/4387\/revisions\/4646"}],"wp:attachment":[{"href":"https:\/\/pintergroup.net\/es\/wp-json\/wp\/v2\/media?parent=4387"}],"curies":[{"name":"wp","href":"https:\/\/api.w.org\/{rel}","templated":true}]}}